{"id":5298,"date":"2021-12-22T11:39:04","date_gmt":"2021-12-22T11:39:04","guid":{"rendered":"https:\/\/asadordearanda.net\/?page_id=5298"},"modified":"2025-04-03T09:27:39","modified_gmt":"2025-04-03T09:27:39","slug":"el-grup","status":"publish","type":"page","link":"https:\/\/asadordearanda.net\/ca\/el-grup\/","title":{"rendered":"El grup"},"content":{"rendered":"\t\t<div data-elementor-type=\"wp-page\" data-elementor-id=\"5298\" class=\"elementor elementor-5298 elementor-2118\" data-elementor-post-type=\"page\">\n\t\t\t\t\t\t<section class=\"elementor-section elementor-top-section elementor-element elementor-element-d01861a seccion_contacto elementor-section-full_width elementor-section-height-default elementor-section-height-default\" data-id=\"d01861a\" data-element_type=\"section\" data-e-type=\"section\" data-settings=\"{&quot;background_background&quot;:&quot;classic&quot;}\">\n\t\t\t\t\t\t<div class=\"elementor-container elementor-column-gap-default\">\n\t\t\t\t\t<div class=\"elementor-column elementor-col-100 elementor-top-column elementor-element elementor-element-f17a2b1\" data-id=\"f17a2b1\" data-element_type=\"column\" data-e-type=\"column\">\n\t\t\t<div class=\"elementor-widget-wrap elementor-element-populated\">\n\t\t\t\t\t\t<div class=\"elementor-element elementor-element-1540106 elementor-widget elementor-widget-heading\" data-id=\"1540106\" data-element_type=\"widget\" data-e-type=\"widget\" data-widget_type=\"heading.default\">\n\t\t\t\t<div class=\"elementor-widget-container\">\n\t\t\t\t\t<h2 class=\"elementor-heading-title elementor-size-default\">El Grup<\/h2>\t\t\t\t<\/div>\n\t\t\t\t<\/div>\n\t\t\t\t<section class=\"elementor-section elementor-inner-section elementor-element elementor-element-161ce9e elementor-section-content-middle seccion_bg_la_farmacia elementor-section-height-min-height elementor-section-boxed elementor-section-height-default\" data-id=\"161ce9e\" data-element_type=\"section\" data-e-type=\"section\" data-settings=\"{&quot;background_background&quot;:&quot;classic&quot;}\">\n\t\t\t\t\t\t<div class=\"elementor-container elementor-column-gap-extended\">\n\t\t\t\t\t<div class=\"elementor-column elementor-col-33 elementor-inner-column elementor-element elementor-element-1f06463\" data-id=\"1f06463\" data-element_type=\"column\" data-e-type=\"column\">\n\t\t\t<div class=\"elementor-widget-wrap\">\n\t\t\t\t\t\t\t<\/div>\n\t\t<\/div>\n\t\t\t\t<div class=\"elementor-column elementor-col-33 elementor-inner-column elementor-element elementor-element-459fa89\" data-id=\"459fa89\" data-element_type=\"column\" data-e-type=\"column\">\n\t\t\t<div class=\"elementor-widget-wrap elementor-element-populated\">\n\t\t\t\t\t\t<div class=\"elementor-element elementor-element-4228f43 elementor-widget elementor-widget-image\" data-id=\"4228f43\" data-element_type=\"widget\" data-e-type=\"widget\" data-widget_type=\"image.default\">\n\t\t\t\t<div class=\"elementor-widget-container\">\n\t\t\t\t\t\t\t\t\t\t\t\t\t\t\t\t<a href=\"https:\/\/tascalafarmacia.com\/\" target=\"_blank\">\n\t\t\t\t\t\t\t<img fetchpriority=\"high\" decoding=\"async\" width=\"447\" height=\"230\" src=\"https:\/\/asadordearanda.net\/wp-content\/uploads\/2024\/11\/la_farmacia_24.png\" class=\"attachment-large size-large wp-image-13250\" alt=\"restaurantes asadores\" srcset=\"https:\/\/asadordearanda.net\/wp-content\/uploads\/2024\/11\/la_farmacia_24.png 447w, https:\/\/asadordearanda.net\/wp-content\/uploads\/2024\/11\/la_farmacia_24-300x154.png 300w\" sizes=\"(max-width: 447px) 100vw, 447px\" \/>\t\t\t\t\t\t\t\t<\/a>\n\t\t\t\t\t\t\t\t\t\t\t\t\t\t\t<\/div>\n\t\t\t\t<\/div>\n\t\t\t\t\t<\/div>\n\t\t<\/div>\n\t\t\t\t<div class=\"elementor-column elementor-col-33 elementor-inner-column elementor-element elementor-element-9da5ad3\" data-id=\"9da5ad3\" data-element_type=\"column\" data-e-type=\"column\">\n\t\t\t<div class=\"elementor-widget-wrap elementor-element-populated\">\n\t\t\t\t\t\t<div class=\"elementor-element elementor-element-253e7ff elementor-widget elementor-widget-heading\" data-id=\"253e7ff\" data-element_type=\"widget\" data-e-type=\"widget\" data-widget_type=\"heading.default\">\n\t\t\t\t<div class=\"elementor-widget-container\">\n\t\t\t\t\t<h2 class=\"elementor-heading-title elementor-size-default\">La Farmacia<\/h2>\t\t\t\t<\/div>\n\t\t\t\t<\/div>\n\t\t\t\t<div class=\"elementor-element elementor-element-1f00db4 elementor-widget elementor-widget-heading\" data-id=\"1f00db4\" data-element_type=\"widget\" data-e-type=\"widget\" data-widget_type=\"heading.default\">\n\t\t\t\t<div class=\"elementor-widget-container\">\n\t\t\t\t\t<h2 class=\"elementor-heading-title elementor-size-default\">La taverna de tota la vida<\/h2>\t\t\t\t<\/div>\n\t\t\t\t<\/div>\n\t\t\t\t<div class=\"elementor-element elementor-element-6ba756a el_grupo_textblock elementor-widget elementor-widget-text-editor\" data-id=\"6ba756a\" data-element_type=\"widget\" data-e-type=\"widget\" data-widget_type=\"text-editor.default\">\n\t\t\t\t<div class=\"elementor-widget-container\">\n\t\t\t\t\t\t\t\t\t<p><a href=\"https:\/\/tascalafarmacia.com\/\" target=\"_blank\" rel=\"noopener\">Vegeu el web<\/a><\/p>\t\t\t\t\t\t\t\t<\/div>\n\t\t\t\t<\/div>\n\t\t\t\t\t<\/div>\n\t\t<\/div>\n\t\t\t\t\t<\/div>\n\t\t<\/section>\n\t\t\t\t<section class=\"elementor-section elementor-inner-section elementor-element elementor-element-0f604ef elementor-section-content-middle seccion_bg_la_farmacia elementor-section-height-min-height elementor-section-boxed elementor-section-height-default\" data-id=\"0f604ef\" data-element_type=\"section\" data-e-type=\"section\" data-settings=\"{&quot;background_background&quot;:&quot;classic&quot;}\">\n\t\t\t\t\t\t<div class=\"elementor-container elementor-column-gap-extended\">\n\t\t\t\t\t<div class=\"elementor-column elementor-col-33 elementor-inner-column elementor-element elementor-element-2640388\" data-id=\"2640388\" data-element_type=\"column\" data-e-type=\"column\">\n\t\t\t<div class=\"elementor-widget-wrap\">\n\t\t\t\t\t\t\t<\/div>\n\t\t<\/div>\n\t\t\t\t<div class=\"elementor-column elementor-col-33 elementor-inner-column elementor-element elementor-element-4156b4d\" data-id=\"4156b4d\" data-element_type=\"column\" data-e-type=\"column\">\n\t\t\t<div class=\"elementor-widget-wrap elementor-element-populated\">\n\t\t\t\t\t\t<div class=\"elementor-element elementor-element-554dde6 elementor-widget elementor-widget-image\" data-id=\"554dde6\" data-element_type=\"widget\" data-e-type=\"widget\" data-widget_type=\"image.default\">\n\t\t\t\t<div class=\"elementor-widget-container\">\n\t\t\t\t\t\t\t\t\t\t\t\t\t\t\t\t<a href=\"https:\/\/www.lagardemilagros.com\/\" target=\"_blank\">\n\t\t\t\t\t\t\t<img decoding=\"async\" width=\"314\" height=\"313\" data-src=\"https:\/\/asadordearanda.net\/wp-content\/uploads\/2021\/10\/el_lagar_logo.jpg\" class=\"attachment-large size-large wp-image-5304 lazyload\" alt=\"restaurantes castellanos\" data-srcset=\"https:\/\/asadordearanda.net\/wp-content\/uploads\/2021\/10\/el_lagar_logo.jpg 314w, https:\/\/asadordearanda.net\/wp-content\/uploads\/2021\/10\/el_lagar_logo-300x300.jpg 300w, https:\/\/asadordearanda.net\/wp-content\/uploads\/2021\/10\/el_lagar_logo-150x150.jpg 150w\" data-sizes=\"(max-width: 314px) 100vw, 314px\" src=\"data:image\/svg+xml;base64,PHN2ZyB3aWR0aD0iMSIgaGVpZ2h0PSIxIiB4bWxucz0iaHR0cDovL3d3dy53My5vcmcvMjAwMC9zdmciPjwvc3ZnPg==\" style=\"--smush-placeholder-width: 314px; --smush-placeholder-aspect-ratio: 314\/313;\" \/>\t\t\t\t\t\t\t\t<\/a>\n\t\t\t\t\t\t\t\t\t\t\t\t\t\t\t<\/div>\n\t\t\t\t<\/div>\n\t\t\t\t\t<\/div>\n\t\t<\/div>\n\t\t\t\t<div class=\"elementor-column elementor-col-33 elementor-inner-column elementor-element elementor-element-fbccc7d\" data-id=\"fbccc7d\" data-element_type=\"column\" data-e-type=\"column\">\n\t\t\t<div class=\"elementor-widget-wrap elementor-element-populated\">\n\t\t\t\t\t\t<div class=\"elementor-element elementor-element-74c2a1b elementor-widget elementor-widget-heading\" data-id=\"74c2a1b\" data-element_type=\"widget\" data-e-type=\"widget\" data-widget_type=\"heading.default\">\n\t\t\t\t<div class=\"elementor-widget-container\">\n\t\t\t\t\t<h2 class=\"elementor-heading-title elementor-size-default\">El Lagar de Milagros<\/h2>\t\t\t\t<\/div>\n\t\t\t\t<\/div>\n\t\t\t\t<div class=\"elementor-element elementor-element-4cb4818 elementor-widget elementor-widget-heading\" data-id=\"4cb4818\" data-element_type=\"widget\" data-e-type=\"widget\" data-widget_type=\"heading.default\">\n\t\t\t\t<div class=\"elementor-widget-container\">\n\t\t\t\t\t<h2 class=\"elementor-heading-title elementor-size-default\">El teu rostidor en el cam\u00ed<\/h2>\t\t\t\t<\/div>\n\t\t\t\t<\/div>\n\t\t\t\t<div class=\"elementor-element elementor-element-d60c25d el_grupo_textblock elementor-widget elementor-widget-text-editor\" data-id=\"d60c25d\" data-element_type=\"widget\" data-e-type=\"widget\" data-widget_type=\"text-editor.default\">\n\t\t\t\t<div class=\"elementor-widget-container\">\n\t\t\t\t\t\t\t\t\t<p><a href=\"https:\/\/www.lagardemilagros.com\/\" target=\"_blank\" rel=\"noopener\">Vegeu el web<\/a><\/p>\t\t\t\t\t\t\t\t<\/div>\n\t\t\t\t<\/div>\n\t\t\t\t\t<\/div>\n\t\t<\/div>\n\t\t\t\t\t<\/div>\n\t\t<\/section>\n\t\t\t\t<section class=\"elementor-section elementor-inner-section elementor-element elementor-element-c83498a elementor-section-content-middle seccion_bg_la_farmacia elementor-section-height-min-height elementor-section-boxed elementor-section-height-default\" data-id=\"c83498a\" data-element_type=\"section\" data-e-type=\"section\" data-settings=\"{&quot;background_background&quot;:&quot;classic&quot;}\">\n\t\t\t\t\t\t<div class=\"elementor-container elementor-column-gap-extended\">\n\t\t\t\t\t<div class=\"elementor-column elementor-col-33 elementor-inner-column elementor-element elementor-element-60831cf\" data-id=\"60831cf\" data-element_type=\"column\" data-e-type=\"column\">\n\t\t\t<div class=\"elementor-widget-wrap\">\n\t\t\t\t\t\t\t<\/div>\n\t\t<\/div>\n\t\t\t\t<div class=\"elementor-column elementor-col-33 elementor-inner-column elementor-element elementor-element-808d6a5\" data-id=\"808d6a5\" data-element_type=\"column\" data-e-type=\"column\">\n\t\t\t<div class=\"elementor-widget-wrap elementor-element-populated\">\n\t\t\t\t\t\t<div class=\"elementor-element elementor-element-34d05da elementor-widget elementor-widget-image\" data-id=\"34d05da\" data-element_type=\"widget\" data-e-type=\"widget\" data-widget_type=\"image.default\">\n\t\t\t\t<div class=\"elementor-widget-container\">\n\t\t\t\t\t\t\t\t\t\t\t\t\t\t\t\t<a href=\"http:\/\/www.castillodeizan.com\/\" target=\"_blank\">\n\t\t\t\t\t\t\t<img decoding=\"async\" width=\"425\" height=\"256\" data-src=\"https:\/\/asadordearanda.net\/wp-content\/uploads\/2025\/04\/castillodeizan_25.jpg\" class=\"attachment-large size-large wp-image-14191 lazyload\" alt=\"Castillo de Iz\u00e1n\" data-srcset=\"https:\/\/asadordearanda.net\/wp-content\/uploads\/2025\/04\/castillodeizan_25.jpg 425w, https:\/\/asadordearanda.net\/wp-content\/uploads\/2025\/04\/castillodeizan_25-300x181.jpg 300w\" data-sizes=\"(max-width: 425px) 100vw, 425px\" src=\"data:image\/svg+xml;base64,PHN2ZyB3aWR0aD0iMSIgaGVpZ2h0PSIxIiB4bWxucz0iaHR0cDovL3d3dy53My5vcmcvMjAwMC9zdmciPjwvc3ZnPg==\" style=\"--smush-placeholder-width: 425px; --smush-placeholder-aspect-ratio: 425\/256;\" \/>\t\t\t\t\t\t\t\t<\/a>\n\t\t\t\t\t\t\t\t\t\t\t\t\t\t\t<\/div>\n\t\t\t\t<\/div>\n\t\t\t\t\t<\/div>\n\t\t<\/div>\n\t\t\t\t<div class=\"elementor-column elementor-col-33 elementor-inner-column elementor-element elementor-element-7ea2719\" data-id=\"7ea2719\" data-element_type=\"column\" data-e-type=\"column\">\n\t\t\t<div class=\"elementor-widget-wrap elementor-element-populated\">\n\t\t\t\t\t\t<div class=\"elementor-element elementor-element-359c86f elementor-widget elementor-widget-heading\" data-id=\"359c86f\" data-element_type=\"widget\" data-e-type=\"widget\" data-widget_type=\"heading.default\">\n\t\t\t\t<div class=\"elementor-widget-container\">\n\t\t\t\t\t<h2 class=\"elementor-heading-title elementor-size-default\">Castillo de Iz\u00e1n<\/h2>\t\t\t\t<\/div>\n\t\t\t\t<\/div>\n\t\t\t\t<div class=\"elementor-element elementor-element-8839af8 elementor-widget elementor-widget-heading\" data-id=\"8839af8\" data-element_type=\"widget\" data-e-type=\"widget\" data-widget_type=\"heading.default\">\n\t\t\t\t<div class=\"elementor-widget-container\">\n\t\t\t\t\t<h2 class=\"elementor-heading-title elementor-size-default\">Per tal d\u2019assaborir els millors moments<\/h2>\t\t\t\t<\/div>\n\t\t\t\t<\/div>\n\t\t\t\t<div class=\"elementor-element elementor-element-e037d2b el_grupo_textblock elementor-widget elementor-widget-text-editor\" data-id=\"e037d2b\" data-element_type=\"widget\" data-e-type=\"widget\" data-widget_type=\"text-editor.default\">\n\t\t\t\t<div class=\"elementor-widget-container\">\n\t\t\t\t\t\t\t\t\t<p><a href=\"http:\/\/www.castillodeizan.com\/\" target=\"_blank\" rel=\"noopener\">Vegeu el web<\/a><\/p>\t\t\t\t\t\t\t\t<\/div>\n\t\t\t\t<\/div>\n\t\t\t\t\t<\/div>\n\t\t<\/div>\n\t\t\t\t\t<\/div>\n\t\t<\/section>\n\t\t\t\t<section class=\"elementor-section elementor-inner-section elementor-element elementor-element-a4d5ab9 elementor-section-content-middle seccion_bg_la_farmacia elementor-section-height-min-height elementor-section-boxed elementor-section-height-default\" data-id=\"a4d5ab9\" data-element_type=\"section\" data-e-type=\"section\" data-settings=\"{&quot;background_background&quot;:&quot;classic&quot;}\">\n\t\t\t\t\t\t<div class=\"elementor-container elementor-column-gap-extended\">\n\t\t\t\t\t<div class=\"elementor-column elementor-col-33 elementor-inner-column elementor-element elementor-element-c58c370\" data-id=\"c58c370\" data-element_type=\"column\" data-e-type=\"column\">\n\t\t\t<div class=\"elementor-widget-wrap\">\n\t\t\t\t\t\t\t<\/div>\n\t\t<\/div>\n\t\t\t\t<div class=\"elementor-column elementor-col-33 elementor-inner-column elementor-element elementor-element-b828e5b\" data-id=\"b828e5b\" data-element_type=\"column\" data-e-type=\"column\" data-settings=\"{&quot;background_background&quot;:&quot;classic&quot;}\">\n\t\t\t<div class=\"elementor-widget-wrap elementor-element-populated\">\n\t\t\t\t\t\t<div class=\"elementor-element elementor-element-6ed4462 elementor-widget elementor-widget-image\" data-id=\"6ed4462\" data-element_type=\"widget\" data-e-type=\"widget\" data-widget_type=\"image.default\">\n\t\t\t\t<div class=\"elementor-widget-container\">\n\t\t\t\t\t\t\t\t\t\t\t\t\t\t\t\t<a href=\"https:\/\/figonderecoletos.es\/\" target=\"_blank\">\n\t\t\t\t\t\t\t<img decoding=\"async\" width=\"422\" height=\"238\" data-src=\"https:\/\/asadordearanda.net\/wp-content\/uploads\/2021\/11\/logo_figon_gr.jpg\" class=\"attachment-large size-large wp-image-5308 lazyload\" alt=\"asadores castellanos\" data-srcset=\"https:\/\/asadordearanda.net\/wp-content\/uploads\/2021\/11\/logo_figon_gr.jpg 422w, https:\/\/asadordearanda.net\/wp-content\/uploads\/2021\/11\/logo_figon_gr-300x169.jpg 300w\" data-sizes=\"(max-width: 422px) 100vw, 422px\" src=\"data:image\/svg+xml;base64,PHN2ZyB3aWR0aD0iMSIgaGVpZ2h0PSIxIiB4bWxucz0iaHR0cDovL3d3dy53My5vcmcvMjAwMC9zdmciPjwvc3ZnPg==\" style=\"--smush-placeholder-width: 422px; --smush-placeholder-aspect-ratio: 422\/238;\" \/>\t\t\t\t\t\t\t\t<\/a>\n\t\t\t\t\t\t\t\t\t\t\t\t\t\t\t<\/div>\n\t\t\t\t<\/div>\n\t\t\t\t\t<\/div>\n\t\t<\/div>\n\t\t\t\t<div class=\"elementor-column elementor-col-33 elementor-inner-column elementor-element elementor-element-19619f9\" data-id=\"19619f9\" data-element_type=\"column\" data-e-type=\"column\">\n\t\t\t<div class=\"elementor-widget-wrap elementor-element-populated\">\n\t\t\t\t\t\t<div class=\"elementor-element elementor-element-908f75c elementor-widget elementor-widget-heading\" data-id=\"908f75c\" data-element_type=\"widget\" data-e-type=\"widget\" data-widget_type=\"heading.default\">\n\t\t\t\t<div class=\"elementor-widget-container\">\n\t\t\t\t\t<h2 class=\"elementor-heading-title elementor-size-default\">El Fig\u00f3n de Recoletos<\/h2>\t\t\t\t<\/div>\n\t\t\t\t<\/div>\n\t\t\t\t<div class=\"elementor-element elementor-element-b180207 elementor-widget elementor-widget-heading\" data-id=\"b180207\" data-element_type=\"widget\" data-e-type=\"widget\" data-widget_type=\"heading.default\">\n\t\t\t\t<div class=\"elementor-widget-container\">\n\t\t\t\t\t<h2 class=\"elementor-heading-title elementor-size-default\">Gastronomia en la seva m\u00e9s pura ess\u00e8ncia<\/h2>\t\t\t\t<\/div>\n\t\t\t\t<\/div>\n\t\t\t\t<div class=\"elementor-element elementor-element-1debf64 el_grupo_textblock elementor-widget elementor-widget-text-editor\" data-id=\"1debf64\" data-element_type=\"widget\" data-e-type=\"widget\" data-widget_type=\"text-editor.default\">\n\t\t\t\t<div class=\"elementor-widget-container\">\n\t\t\t\t\t\t\t\t\t<p><a href=\"https:\/\/figonderecoletos.es\/\" target=\"_blank\" rel=\"noopener\">Vegeu el web<\/a><\/p>\t\t\t\t\t\t\t\t<\/div>\n\t\t\t\t<\/div>\n\t\t\t\t\t<\/div>\n\t\t<\/div>\n\t\t\t\t\t<\/div>\n\t\t<\/section>\n\t\t\t\t\t<\/div>\n\t\t<\/div>\n\t\t\t\t\t<\/div>\n\t\t<\/section>\n\t\t\t\t<\/div>\n\t\t","protected":false},"excerpt":{"rendered":"<p>El Grup La Farmacia La taverna de tota la vida Vegeu el web El Lagar de Milagros El teu rostidor en el cam\u00ed Vegeu el web Castillo de Iz\u00e1n Per tal d\u2019assaborir els millors moments Vegeu el web El Fig\u00f3n de Recoletos Gastronomia en la seva m\u00e9s pura ess\u00e8ncia Vegeu el web<\/p>\n","protected":false},"author":55,"featured_media":0,"parent":0,"menu_order":0,"comment_status":"closed","ping_status":"closed","template":"elementor_header_footer","meta":{"_acf_changed":false,"footnotes":""},"ciudad":[],"class_list":["post-5298","page","type-page","status-publish","hentry"],"acf":[],"yoast_head":"<!-- This site is optimized with the Yoast SEO plugin v27.4 - https:\/\/yoast.com\/product\/yoast-seo-wordpress\/ -->\n<title>El grup - Restaurante Asador de Aranda<\/title>\n<meta name=\"robots\" content=\"index, follow, max-snippet:-1, max-image-preview:large, max-video-preview:-1\" \/>\n<link rel=\"canonical\" href=\"https:\/\/asadordearanda.net\/ca\/el-grup\/\" \/>\n<meta property=\"og:locale\" content=\"ca_ES\" \/>\n<meta property=\"og:type\" content=\"article\" \/>\n<meta property=\"og:title\" content=\"El grup - Restaurante Asador de Aranda\" \/>\n<meta property=\"og:description\" content=\"El Grup La Farmacia La taverna de tota la vida Vegeu el web El Lagar de Milagros El teu rostidor en el cam\u00ed Vegeu el web Castillo de Iz\u00e1n Per tal d\u2019assaborir els millors moments Vegeu el web El Fig\u00f3n de Recoletos Gastronomia en la seva m\u00e9s pura ess\u00e8ncia Vegeu el web\" \/>\n<meta property=\"og:url\" content=\"https:\/\/asadordearanda.net\/ca\/el-grup\/\" \/>\n<meta property=\"og:site_name\" content=\"Restaurante Asador de Aranda\" \/>\n<meta property=\"article:modified_time\" content=\"2025-04-03T09:27:39+00:00\" \/>\n<meta property=\"og:image\" content=\"https:\/\/asadordearanda.net\/wp-content\/uploads\/2024\/11\/la_farmacia_24.png\" \/>\n\t<meta property=\"og:image:width\" content=\"447\" \/>\n\t<meta property=\"og:image:height\" content=\"230\" \/>\n\t<meta property=\"og:image:type\" content=\"image\/png\" \/>\n<meta name=\"twitter:card\" content=\"summary_large_image\" \/>\n<meta name=\"twitter:label1\" content=\"Est. reading time\" \/>\n\t<meta name=\"twitter:data1\" content=\"2 minutes\" \/>\n<script type=\"application\/ld+json\" class=\"yoast-schema-graph\">{\"@context\":\"https:\\\/\\\/schema.org\",\"@graph\":[{\"@type\":\"WebPage\",\"@id\":\"https:\\\/\\\/asadordearanda.net\\\/ca\\\/el-grup\\\/\",\"url\":\"https:\\\/\\\/asadordearanda.net\\\/ca\\\/el-grup\\\/\",\"name\":\"El grup - Restaurante Asador de Aranda\",\"isPartOf\":{\"@id\":\"https:\\\/\\\/asador.mimotic.dev\\\/#website\"},\"primaryImageOfPage\":{\"@id\":\"https:\\\/\\\/asadordearanda.net\\\/ca\\\/el-grup\\\/#primaryimage\"},\"image\":{\"@id\":\"https:\\\/\\\/asadordearanda.net\\\/ca\\\/el-grup\\\/#primaryimage\"},\"thumbnailUrl\":\"https:\\\/\\\/asadordearanda.net\\\/wp-content\\\/uploads\\\/2024\\\/11\\\/la_farmacia_24.png\",\"datePublished\":\"2021-12-22T11:39:04+00:00\",\"dateModified\":\"2025-04-03T09:27:39+00:00\",\"breadcrumb\":{\"@id\":\"https:\\\/\\\/asadordearanda.net\\\/ca\\\/el-grup\\\/#breadcrumb\"},\"inLanguage\":\"ca\",\"potentialAction\":[{\"@type\":\"ReadAction\",\"target\":[\"https:\\\/\\\/asadordearanda.net\\\/ca\\\/el-grup\\\/\"]}]},{\"@type\":\"ImageObject\",\"inLanguage\":\"ca\",\"@id\":\"https:\\\/\\\/asadordearanda.net\\\/ca\\\/el-grup\\\/#primaryimage\",\"url\":\"https:\\\/\\\/asadordearanda.net\\\/wp-content\\\/uploads\\\/2024\\\/11\\\/la_farmacia_24.png\",\"contentUrl\":\"https:\\\/\\\/asadordearanda.net\\\/wp-content\\\/uploads\\\/2024\\\/11\\\/la_farmacia_24.png\"},{\"@type\":\"BreadcrumbList\",\"@id\":\"https:\\\/\\\/asadordearanda.net\\\/ca\\\/el-grup\\\/#breadcrumb\",\"itemListElement\":[{\"@type\":\"ListItem\",\"position\":1,\"name\":\"Portada\",\"item\":\"https:\\\/\\\/asadordearanda.net\\\/ca\\\/\"},{\"@type\":\"ListItem\",\"position\":2,\"name\":\"El grup\"}]},{\"@type\":\"WebSite\",\"@id\":\"https:\\\/\\\/asador.mimotic.dev\\\/#website\",\"url\":\"https:\\\/\\\/asador.mimotic.dev\\\/\",\"name\":\"Restaurante Asador de Aranda\",\"description\":\"El lechazo asado en horno de barro,  el cordero como ya nadie lo cocina\",\"potentialAction\":[{\"@type\":\"SearchAction\",\"target\":{\"@type\":\"EntryPoint\",\"urlTemplate\":\"https:\\\/\\\/asador.mimotic.dev\\\/?s={search_term_string}\"},\"query-input\":{\"@type\":\"PropertyValueSpecification\",\"valueRequired\":true,\"valueName\":\"search_term_string\"}}],\"inLanguage\":\"ca\"}]}<\/script>\n<!-- \/ Yoast SEO plugin. -->","yoast_head_json":{"title":"El grup - Restaurante Asador de Aranda","robots":{"index":"index","follow":"follow","max-snippet":"max-snippet:-1","max-image-preview":"max-image-preview:large","max-video-preview":"max-video-preview:-1"},"canonical":"https:\/\/asadordearanda.net\/ca\/el-grup\/","og_locale":"ca_ES","og_type":"article","og_title":"El grup - Restaurante Asador de Aranda","og_description":"El Grup La Farmacia La taverna de tota la vida Vegeu el web El Lagar de Milagros El teu rostidor en el cam\u00ed Vegeu el web Castillo de Iz\u00e1n Per tal d\u2019assaborir els millors moments Vegeu el web El Fig\u00f3n de Recoletos Gastronomia en la seva m\u00e9s pura ess\u00e8ncia Vegeu el web","og_url":"https:\/\/asadordearanda.net\/ca\/el-grup\/","og_site_name":"Restaurante Asador de Aranda","article_modified_time":"2025-04-03T09:27:39+00:00","og_image":[{"width":447,"height":230,"url":"https:\/\/asadordearanda.net\/wp-content\/uploads\/2024\/11\/la_farmacia_24.png","type":"image\/png"}],"twitter_card":"summary_large_image","twitter_misc":{"Est. reading time":"2 minutes"},"schema":{"@context":"https:\/\/schema.org","@graph":[{"@type":"WebPage","@id":"https:\/\/asadordearanda.net\/ca\/el-grup\/","url":"https:\/\/asadordearanda.net\/ca\/el-grup\/","name":"El grup - Restaurante Asador de Aranda","isPartOf":{"@id":"https:\/\/asador.mimotic.dev\/#website"},"primaryImageOfPage":{"@id":"https:\/\/asadordearanda.net\/ca\/el-grup\/#primaryimage"},"image":{"@id":"https:\/\/asadordearanda.net\/ca\/el-grup\/#primaryimage"},"thumbnailUrl":"https:\/\/asadordearanda.net\/wp-content\/uploads\/2024\/11\/la_farmacia_24.png","datePublished":"2021-12-22T11:39:04+00:00","dateModified":"2025-04-03T09:27:39+00:00","breadcrumb":{"@id":"https:\/\/asadordearanda.net\/ca\/el-grup\/#breadcrumb"},"inLanguage":"ca","potentialAction":[{"@type":"ReadAction","target":["https:\/\/asadordearanda.net\/ca\/el-grup\/"]}]},{"@type":"ImageObject","inLanguage":"ca","@id":"https:\/\/asadordearanda.net\/ca\/el-grup\/#primaryimage","url":"https:\/\/asadordearanda.net\/wp-content\/uploads\/2024\/11\/la_farmacia_24.png","contentUrl":"https:\/\/asadordearanda.net\/wp-content\/uploads\/2024\/11\/la_farmacia_24.png"},{"@type":"BreadcrumbList","@id":"https:\/\/asadordearanda.net\/ca\/el-grup\/#breadcrumb","itemListElement":[{"@type":"ListItem","position":1,"name":"Portada","item":"https:\/\/asadordearanda.net\/ca\/"},{"@type":"ListItem","position":2,"name":"El grup"}]},{"@type":"WebSite","@id":"https:\/\/asador.mimotic.dev\/#website","url":"https:\/\/asador.mimotic.dev\/","name":"Restaurante Asador de Aranda","description":"El lechazo asado en horno de barro,  el cordero como ya nadie lo cocina","potentialAction":[{"@type":"SearchAction","target":{"@type":"EntryPoint","urlTemplate":"https:\/\/asador.mimotic.dev\/?s={search_term_string}"},"query-input":{"@type":"PropertyValueSpecification","valueRequired":true,"valueName":"search_term_string"}}],"inLanguage":"ca"}]}},"_links":{"self":[{"href":"https:\/\/asadordearanda.net\/ca\/wp-json\/wp\/v2\/pages\/5298","targetHints":{"allow":["GET"]}}],"collection":[{"href":"https:\/\/asadordearanda.net\/ca\/wp-json\/wp\/v2\/pages"}],"about":[{"href":"https:\/\/asadordearanda.net\/ca\/wp-json\/wp\/v2\/types\/page"}],"author":[{"embeddable":true,"href":"https:\/\/asadordearanda.net\/ca\/wp-json\/wp\/v2\/users\/55"}],"replies":[{"embeddable":true,"href":"https:\/\/asadordearanda.net\/ca\/wp-json\/wp\/v2\/comments?post=5298"}],"version-history":[{"count":0,"href":"https:\/\/asadordearanda.net\/ca\/wp-json\/wp\/v2\/pages\/5298\/revisions"}],"wp:attachment":[{"href":"https:\/\/asadordearanda.net\/ca\/wp-json\/wp\/v2\/media?parent=5298"}],"wp:term":[{"taxonomy":"ciudad","embeddable":true,"href":"https:\/\/asadordearanda.net\/ca\/wp-json\/wp\/v2\/ciudad?post=5298"}],"curies":[{"name":"wp","href":"https:\/\/api.w.org\/{rel}","templated":true}]}}