{"id":5324,"date":"2021-12-22T11:55:06","date_gmt":"2021-12-22T11:55:06","guid":{"rendered":"https:\/\/asadordearanda.net\/?page_id=5324"},"modified":"2022-01-17T15:39:38","modified_gmt":"2022-01-17T15:39:38","slug":"gastronomia-sostenible","status":"publish","type":"page","link":"https:\/\/asadordearanda.net\/ca\/gastronomia-sostenible\/","title":{"rendered":"Gastronomia sostenible"},"content":{"rendered":"\t\t<div data-elementor-type=\"wp-page\" data-elementor-id=\"5324\" class=\"elementor elementor-5324 elementor-3076\" data-elementor-post-type=\"page\">\n\t\t\t\t\t\t<section class=\"elementor-section elementor-top-section elementor-element elementor-element-aa7e3fd elementor-section-full_width elementor-section-height-min-height elementor-section-items-top elementor-section-stretched elementor-section-height-default\" data-id=\"aa7e3fd\" data-element_type=\"section\" data-e-type=\"section\" data-settings=\"{&quot;stretch_section&quot;:&quot;section-stretched&quot;,&quot;background_background&quot;:&quot;video&quot;,&quot;background_video_link&quot;:&quot;https:\\\/\\\/asadordearanda.net\\\/wp-content\\\/uploads\\\/2021\\\/11\\\/Pastores_sin_mu\\u0301sica_entero.mp4&quot;,&quot;background_video_start&quot;:2,&quot;background_play_on_mobile&quot;:&quot;yes&quot;}\">\n\t\t\t\t\t\t\t\t<div class=\"elementor-background-video-container\">\n\t\t\t\t\t\t\t\t\t\t\t\t\t<video class=\"elementor-background-video-hosted\" role=\"presentation\" autoplay muted playsinline loop><\/video>\n\t\t\t\t\t\t\t\t\t\t\t<\/div>\n\t\t\t\t\t\t\t\t\t<div class=\"elementor-background-overlay\"><\/div>\n\t\t\t\t\t\t\t<div class=\"elementor-container elementor-column-gap-default\">\n\t\t\t\t\t<div class=\"elementor-column elementor-col-100 elementor-top-column elementor-element elementor-element-22baf11\" data-id=\"22baf11\" data-element_type=\"column\" data-e-type=\"column\">\n\t\t\t<div class=\"elementor-widget-wrap elementor-element-populated\">\n\t\t\t\t\t\t<section class=\"elementor-section elementor-inner-section elementor-element elementor-element-9712283 elementor-section-content-top cont_txt_patro_video elementor-section-boxed elementor-section-height-default elementor-section-height-default\" data-id=\"9712283\" data-element_type=\"section\" data-e-type=\"section\">\n\t\t\t\t\t\t<div class=\"elementor-container elementor-column-gap-default\">\n\t\t\t\t\t<div class=\"elementor-column elementor-col-100 elementor-inner-column elementor-element elementor-element-0849a57\" data-id=\"0849a57\" data-element_type=\"column\" data-e-type=\"column\">\n\t\t\t<div class=\"elementor-widget-wrap elementor-element-populated\">\n\t\t\t\t\t\t<div class=\"elementor-element elementor-element-d521089 elementor-widget elementor-widget-spacer\" data-id=\"d521089\" data-element_type=\"widget\" data-e-type=\"widget\" data-widget_type=\"spacer.default\">\n\t\t\t\t<div class=\"elementor-widget-container\">\n\t\t\t\t\t\t\t<div class=\"elementor-spacer\">\n\t\t\t<div class=\"elementor-spacer-inner\"><\/div>\n\t\t<\/div>\n\t\t\t\t\t\t<\/div>\n\t\t\t\t<\/div>\n\t\t\t\t<div class=\"elementor-element elementor-element-4843152 pisti elementor-widget elementor-widget-heading\" data-id=\"4843152\" data-element_type=\"widget\" data-e-type=\"widget\" data-widget_type=\"heading.default\">\n\t\t\t\t<div class=\"elementor-widget-container\">\n\t\t\t\t\t<h2 class=\"elementor-heading-title elementor-size-default\">Oferim carn <br>\nsaludable, \u00e8tica i sostenible.<\/h2>\t\t\t\t<\/div>\n\t\t\t\t<\/div>\n\t\t\t\t\t<\/div>\n\t\t<\/div>\n\t\t\t\t\t<\/div>\n\t\t<\/section>\n\t\t\t\t\t<\/div>\n\t\t<\/div>\n\t\t\t\t\t<\/div>\n\t\t<\/section>\n\t\t\t\t<section class=\"elementor-section elementor-top-section elementor-element elementor-element-2a0c151 elementor-section-full_width elementor-section-stretched elementor-section-height-default elementor-section-height-default\" data-id=\"2a0c151\" data-element_type=\"section\" data-e-type=\"section\" data-settings=\"{&quot;stretch_section&quot;:&quot;section-stretched&quot;,&quot;background_background&quot;:&quot;classic&quot;}\">\n\t\t\t\t\t\t<div class=\"elementor-container elementor-column-gap-default\">\n\t\t\t\t\t<div class=\"elementor-column elementor-col-100 elementor-top-column elementor-element elementor-element-64bc5d4\" data-id=\"64bc5d4\" data-element_type=\"column\" data-e-type=\"column\">\n\t\t\t<div class=\"elementor-widget-wrap elementor-element-populated\">\n\t\t\t\t\t\t<section class=\"elementor-section elementor-inner-section elementor-element elementor-element-b53a9bf elementor-section-boxed elementor-section-height-default elementor-section-height-default\" data-id=\"b53a9bf\" data-element_type=\"section\" data-e-type=\"section\">\n\t\t\t\t\t\t<div class=\"elementor-container elementor-column-gap-default\">\n\t\t\t\t\t<div class=\"elementor-column elementor-col-50 elementor-inner-column elementor-element elementor-element-617f9f6\" data-id=\"617f9f6\" data-element_type=\"column\" data-e-type=\"column\">\n\t\t\t<div class=\"elementor-widget-wrap elementor-element-populated\">\n\t\t\t\t\t\t<div class=\"elementor-element elementor-element-1f78b39 elementor-invisible elementor-widget elementor-widget-text-editor\" data-id=\"1f78b39\" data-element_type=\"widget\" data-e-type=\"widget\" data-settings=\"{&quot;_animation&quot;:&quot;fadeIn&quot;}\" data-widget_type=\"text-editor.default\">\n\t\t\t\t<div class=\"elementor-widget-container\">\n\t\t\t\t\t\t\t\t\t<p>El secret<br \/>de la nostra cuina<\/p>\t\t\t\t\t\t\t\t<\/div>\n\t\t\t\t<\/div>\n\t\t\t\t<div class=\"elementor-element elementor-element-c54f957 pisti elementor-invisible elementor-widget elementor-widget-heading\" data-id=\"c54f957\" data-element_type=\"widget\" data-e-type=\"widget\" data-settings=\"{&quot;_animation&quot;:&quot;fadeIn&quot;,&quot;_animation_delay&quot;:250}\" data-widget_type=\"heading.default\">\n\t\t\t\t<div class=\"elementor-widget-container\">\n\t\t\t\t\t<h2 class=\"elementor-heading-title elementor-size-default\">Una gastronomia<br>\nresponsable.<\/h2>\t\t\t\t<\/div>\n\t\t\t\t<\/div>\n\t\t\t\t\t<\/div>\n\t\t<\/div>\n\t\t\t\t<div class=\"elementor-column elementor-col-50 elementor-inner-column elementor-element elementor-element-f45b105\" data-id=\"f45b105\" data-element_type=\"column\" data-e-type=\"column\">\n\t\t\t<div class=\"elementor-widget-wrap elementor-element-populated\">\n\t\t\t\t\t\t<div class=\"elementor-element elementor-element-d1a245c gastro_textblock elementor-widget elementor-widget-text-editor\" data-id=\"d1a245c\" data-element_type=\"widget\" data-e-type=\"widget\" data-widget_type=\"text-editor.default\">\n\t\t\t\t<div class=\"elementor-widget-container\">\n\t\t\t\t\t\t\t\t\t<p>Defensem una producci\u00f3 \u00e8tica i sostenible.<br \/>Ens basem en la cura dels animals i en les produccions respectuoses amb el medi natural. Els nostres xais es crien en llibertat i s\u2019alimenten amb la t\u00e8cnica del pasturatge, \u00fanicament amb pastures naturals. El resultat \u00e9s una carn m\u00e9s saludable i aut\u00e8ntica, amb segell de qualitat.<\/p><p><strong>Som \u00e8tics amb els nostres animals.<\/strong><br \/>Els nostres animals no estan tancats en explotacions ramaderes industrials, sin\u00f3 que s\u2019alimenten i viuen en llibertat.<\/p><p>L\u2019objectiu \u00e9s aconseguir el m\u00e0xim nivell de benestar per als animals, aix\u00ed com un producte de m\u00e0xima seguretat per al consumidor.<br \/>El pasturatge ajuda a fomentar la biodiversitat, revifa el medi rural<br \/>i ajuda a prevenir els incendis.<br \/>Creiem en un model d\u2019economia i cria d\u2019animals que sigui sostenible, perqu\u00e8 no tenim un \u201cplaneta B\u201d.<\/p>\t\t\t\t\t\t\t\t<\/div>\n\t\t\t\t<\/div>\n\t\t\t\t\t<\/div>\n\t\t<\/div>\n\t\t\t\t\t<\/div>\n\t\t<\/section>\n\t\t\t\t<section class=\"elementor-section elementor-inner-section elementor-element elementor-element-99cb197 cordero_lechal_sect elementor-section-boxed elementor-section-height-default elementor-section-height-default\" data-id=\"99cb197\" data-element_type=\"section\" data-e-type=\"section\" data-settings=\"{&quot;background_background&quot;:&quot;classic&quot;}\">\n\t\t\t\t\t\t<div class=\"elementor-container elementor-column-gap-default\">\n\t\t\t\t\t<div class=\"elementor-column elementor-col-50 elementor-inner-column elementor-element elementor-element-ca4c770\" data-id=\"ca4c770\" data-element_type=\"column\" data-e-type=\"column\">\n\t\t\t<div class=\"elementor-widget-wrap elementor-element-populated\">\n\t\t\t\t\t\t<div class=\"elementor-element elementor-element-87c87ba pisti elementor-invisible elementor-widget elementor-widget-heading\" data-id=\"87c87ba\" data-element_type=\"widget\" data-e-type=\"widget\" data-settings=\"{&quot;_animation&quot;:&quot;fadeIn&quot;,&quot;_animation_delay&quot;:250}\" data-widget_type=\"heading.default\">\n\t\t\t\t<div class=\"elementor-widget-container\">\n\t\t\t\t\t<h2 class=\"elementor-heading-title elementor-size-default\">L\u2019anyell<br>\nde llet.<\/h2>\t\t\t\t<\/div>\n\t\t\t\t<\/div>\n\t\t\t\t<div class=\"elementor-element elementor-element-f3f9457 cordero_textblock elementor-widget elementor-widget-text-editor\" data-id=\"f3f9457\" data-element_type=\"widget\" data-e-type=\"widget\" data-widget_type=\"text-editor.default\">\n\t\t\t\t<div class=\"elementor-widget-container\">\n\t\t\t\t\t\t\t\t\t<p>El nostre xai \u00e9s tendre i sabor\u00f3s. La nostra carn \u00e9s aut\u00e8ntica, natural i molt sana. L\u2019anyell de llet l\u2019alimentem exclusivament amb llet materna i aix\u00f2 dona com a resultat una carn m\u00e9s sucosa i tendra,<br \/>\u00e9s probablement la carn m\u00e9s sana que existeix. Destaca pel seu contingut en prote\u00efnes d\u2019alta qualitat i un elevat percentatge d\u2019amino\u00e0cids essencials.<\/p><p>Aix\u00ed doncs, el nostre anyell de llet \u00e9s una mat\u00e8ria primera d\u2019excel\u00b7lent qualitat, la qual cosa, indubtablement, es nota en el sabor i la textura dels nostres plats.<\/p>\t\t\t\t\t\t\t\t<\/div>\n\t\t\t\t<\/div>\n\t\t\t\t\t<\/div>\n\t\t<\/div>\n\t\t\t\t<div class=\"elementor-column elementor-col-50 elementor-inner-column elementor-element elementor-element-d3c7c34\" data-id=\"d3c7c34\" data-element_type=\"column\" data-e-type=\"column\">\n\t\t\t<div class=\"elementor-widget-wrap elementor-element-populated\">\n\t\t\t\t\t\t<div class=\"elementor-element elementor-element-4b3d40d elementor-widget elementor-widget-image\" data-id=\"4b3d40d\" data-element_type=\"widget\" data-e-type=\"widget\" data-widget_type=\"image.default\">\n\t\t\t\t<div class=\"elementor-widget-container\">\n\t\t\t\t\t\t\t\t\t\t\t\t\t\t\t<img fetchpriority=\"high\" decoding=\"async\" width=\"1024\" height=\"636\" src=\"https:\/\/asadordearanda.net\/wp-content\/uploads\/2022\/01\/oveja_sostenibilidad__2_-1024x636.png\" class=\"attachment-large size-large wp-image-6435\" alt=\"\" srcset=\"https:\/\/asadordearanda.net\/wp-content\/uploads\/2022\/01\/oveja_sostenibilidad__2_-1024x636.png 1024w, https:\/\/asadordearanda.net\/wp-content\/uploads\/2022\/01\/oveja_sostenibilidad__2_-300x186.png 300w, https:\/\/asadordearanda.net\/wp-content\/uploads\/2022\/01\/oveja_sostenibilidad__2_-768x477.png 768w, https:\/\/asadordearanda.net\/wp-content\/uploads\/2022\/01\/oveja_sostenibilidad__2_.png 1119w\" sizes=\"(max-width: 1024px) 100vw, 1024px\" \/>\t\t\t\t\t\t\t\t\t\t\t\t\t\t\t<\/div>\n\t\t\t\t<\/div>\n\t\t\t\t\t<\/div>\n\t\t<\/div>\n\t\t\t\t\t<\/div>\n\t\t<\/section>\n\t\t\t\t<section class=\"elementor-section elementor-inner-section elementor-element elementor-element-1e454b0 elementor-section-boxed elementor-section-height-default elementor-section-height-default\" data-id=\"1e454b0\" data-element_type=\"section\" data-e-type=\"section\" data-settings=\"{&quot;background_background&quot;:&quot;classic&quot;}\">\n\t\t\t\t\t\t<div class=\"elementor-container elementor-column-gap-default\">\n\t\t\t\t\t<div class=\"elementor-column elementor-col-100 elementor-inner-column elementor-element elementor-element-5030420\" data-id=\"5030420\" data-element_type=\"column\" data-e-type=\"column\">\n\t\t\t<div class=\"elementor-widget-wrap elementor-element-populated\">\n\t\t\t\t\t\t<div class=\"elementor-element elementor-element-9c550ba elementor-widget elementor-widget-text-editor\" data-id=\"9c550ba\" data-element_type=\"widget\" data-e-type=\"widget\" data-widget_type=\"text-editor.default\">\n\t\t\t\t<div class=\"elementor-widget-container\">\n\t\t\t\t\t\t\t\t\t<p>A l\u2019Asador de Aranda ens preocupa el benestar i la sostenibilitat<\/p>\t\t\t\t\t\t\t\t<\/div>\n\t\t\t\t<\/div>\n\t\t\t\t\t<\/div>\n\t\t<\/div>\n\t\t\t\t\t<\/div>\n\t\t<\/section>\n\t\t\t\t\t<\/div>\n\t\t<\/div>\n\t\t\t\t\t<\/div>\n\t\t<\/section>\n\t\t\t\t<\/div>\n\t\t","protected":false},"excerpt":{"rendered":"<p>Oferim carn saludable, \u00e8tica i sostenible. El secretde la nostra cuina Una gastronomia responsable. Defensem una producci\u00f3 \u00e8tica i sostenible.Ens basem en la cura dels animals i en les produccions respectuoses amb el medi natural. Els nostres xais es crien en llibertat i s\u2019alimenten amb la t\u00e8cnica del pasturatge, \u00fanicament amb pastures naturals. El resultat [&hellip;]<\/p>\n","protected":false},"author":55,"featured_media":0,"parent":0,"menu_order":0,"comment_status":"closed","ping_status":"closed","template":"elementor_header_footer","meta":{"_acf_changed":false,"footnotes":""},"ciudad":[],"class_list":["post-5324","page","type-page","status-publish","hentry"],"acf":[],"yoast_head":"<!-- This site is optimized with the Yoast SEO plugin v27.3 - https:\/\/yoast.com\/product\/yoast-seo-wordpress\/ -->\n<title>Gastronomia sostenible - Restaurante Asador de Aranda<\/title>\n<meta name=\"robots\" content=\"index, follow, max-snippet:-1, max-image-preview:large, max-video-preview:-1\" \/>\n<link rel=\"canonical\" href=\"https:\/\/asadordearanda.net\/ca\/gastronomia-sostenible\/\" \/>\n<meta property=\"og:locale\" content=\"ca_ES\" \/>\n<meta property=\"og:type\" content=\"article\" \/>\n<meta property=\"og:title\" content=\"Gastronomia sostenible - Restaurante Asador de Aranda\" \/>\n<meta property=\"og:description\" content=\"Oferim carn saludable, \u00e8tica i sostenible. El secretde la nostra cuina Una gastronomia responsable. Defensem una producci\u00f3 \u00e8tica i sostenible.Ens basem en la cura dels animals i en les produccions respectuoses amb el medi natural. Els nostres xais es crien en llibertat i s\u2019alimenten amb la t\u00e8cnica del pasturatge, \u00fanicament amb pastures naturals. El resultat [&hellip;]\" \/>\n<meta property=\"og:url\" content=\"https:\/\/asadordearanda.net\/ca\/gastronomia-sostenible\/\" \/>\n<meta property=\"og:site_name\" content=\"Restaurante Asador de Aranda\" \/>\n<meta property=\"article:modified_time\" content=\"2022-01-17T15:39:38+00:00\" \/>\n<meta property=\"og:image\" content=\"https:\/\/asadordearanda.net\/wp-content\/uploads\/2022\/01\/oveja_sostenibilidad__2_-1024x636.png\" \/>\n<meta name=\"twitter:card\" content=\"summary_large_image\" \/>\n<meta name=\"twitter:label1\" content=\"Est. reading time\" \/>\n\t<meta name=\"twitter:data1\" content=\"1 minute\" \/>\n<script type=\"application\/ld+json\" class=\"yoast-schema-graph\">{\"@context\":\"https:\\\/\\\/schema.org\",\"@graph\":[{\"@type\":\"WebPage\",\"@id\":\"https:\\\/\\\/asadordearanda.net\\\/ca\\\/gastronomia-sostenible\\\/\",\"url\":\"https:\\\/\\\/asadordearanda.net\\\/ca\\\/gastronomia-sostenible\\\/\",\"name\":\"Gastronomia sostenible - Restaurante Asador de Aranda\",\"isPartOf\":{\"@id\":\"https:\\\/\\\/asador.mimotic.dev\\\/#website\"},\"primaryImageOfPage\":{\"@id\":\"https:\\\/\\\/asadordearanda.net\\\/ca\\\/gastronomia-sostenible\\\/#primaryimage\"},\"image\":{\"@id\":\"https:\\\/\\\/asadordearanda.net\\\/ca\\\/gastronomia-sostenible\\\/#primaryimage\"},\"thumbnailUrl\":\"https:\\\/\\\/asadordearanda.net\\\/wp-content\\\/uploads\\\/2022\\\/01\\\/oveja_sostenibilidad__2_-1024x636.png\",\"datePublished\":\"2021-12-22T11:55:06+00:00\",\"dateModified\":\"2022-01-17T15:39:38+00:00\",\"breadcrumb\":{\"@id\":\"https:\\\/\\\/asadordearanda.net\\\/ca\\\/gastronomia-sostenible\\\/#breadcrumb\"},\"inLanguage\":\"ca\",\"potentialAction\":[{\"@type\":\"ReadAction\",\"target\":[\"https:\\\/\\\/asadordearanda.net\\\/ca\\\/gastronomia-sostenible\\\/\"]}]},{\"@type\":\"ImageObject\",\"inLanguage\":\"ca\",\"@id\":\"https:\\\/\\\/asadordearanda.net\\\/ca\\\/gastronomia-sostenible\\\/#primaryimage\",\"url\":\"https:\\\/\\\/asadordearanda.net\\\/wp-content\\\/uploads\\\/2022\\\/01\\\/oveja_sostenibilidad__2_-1024x636.png\",\"contentUrl\":\"https:\\\/\\\/asadordearanda.net\\\/wp-content\\\/uploads\\\/2022\\\/01\\\/oveja_sostenibilidad__2_-1024x636.png\"},{\"@type\":\"BreadcrumbList\",\"@id\":\"https:\\\/\\\/asadordearanda.net\\\/ca\\\/gastronomia-sostenible\\\/#breadcrumb\",\"itemListElement\":[{\"@type\":\"ListItem\",\"position\":1,\"name\":\"Portada\",\"item\":\"https:\\\/\\\/asadordearanda.net\\\/ca\\\/\"},{\"@type\":\"ListItem\",\"position\":2,\"name\":\"Gastronomia sostenible\"}]},{\"@type\":\"WebSite\",\"@id\":\"https:\\\/\\\/asador.mimotic.dev\\\/#website\",\"url\":\"https:\\\/\\\/asador.mimotic.dev\\\/\",\"name\":\"Restaurante Asador de Aranda\",\"description\":\"El lechazo asado en horno de barro,  el cordero como ya nadie lo cocina\",\"potentialAction\":[{\"@type\":\"SearchAction\",\"target\":{\"@type\":\"EntryPoint\",\"urlTemplate\":\"https:\\\/\\\/asador.mimotic.dev\\\/?s={search_term_string}\"},\"query-input\":{\"@type\":\"PropertyValueSpecification\",\"valueRequired\":true,\"valueName\":\"search_term_string\"}}],\"inLanguage\":\"ca\"}]}<\/script>\n<!-- \/ Yoast SEO plugin. -->","yoast_head_json":{"title":"Gastronomia sostenible - Restaurante Asador de Aranda","robots":{"index":"index","follow":"follow","max-snippet":"max-snippet:-1","max-image-preview":"max-image-preview:large","max-video-preview":"max-video-preview:-1"},"canonical":"https:\/\/asadordearanda.net\/ca\/gastronomia-sostenible\/","og_locale":"ca_ES","og_type":"article","og_title":"Gastronomia sostenible - Restaurante Asador de Aranda","og_description":"Oferim carn saludable, \u00e8tica i sostenible. El secretde la nostra cuina Una gastronomia responsable. Defensem una producci\u00f3 \u00e8tica i sostenible.Ens basem en la cura dels animals i en les produccions respectuoses amb el medi natural. Els nostres xais es crien en llibertat i s\u2019alimenten amb la t\u00e8cnica del pasturatge, \u00fanicament amb pastures naturals. El resultat [&hellip;]","og_url":"https:\/\/asadordearanda.net\/ca\/gastronomia-sostenible\/","og_site_name":"Restaurante Asador de Aranda","article_modified_time":"2022-01-17T15:39:38+00:00","og_image":[{"url":"https:\/\/asadordearanda.net\/wp-content\/uploads\/2022\/01\/oveja_sostenibilidad__2_-1024x636.png","type":"","width":"","height":""}],"twitter_card":"summary_large_image","twitter_misc":{"Est. reading time":"1 minute"},"schema":{"@context":"https:\/\/schema.org","@graph":[{"@type":"WebPage","@id":"https:\/\/asadordearanda.net\/ca\/gastronomia-sostenible\/","url":"https:\/\/asadordearanda.net\/ca\/gastronomia-sostenible\/","name":"Gastronomia sostenible - Restaurante Asador de Aranda","isPartOf":{"@id":"https:\/\/asador.mimotic.dev\/#website"},"primaryImageOfPage":{"@id":"https:\/\/asadordearanda.net\/ca\/gastronomia-sostenible\/#primaryimage"},"image":{"@id":"https:\/\/asadordearanda.net\/ca\/gastronomia-sostenible\/#primaryimage"},"thumbnailUrl":"https:\/\/asadordearanda.net\/wp-content\/uploads\/2022\/01\/oveja_sostenibilidad__2_-1024x636.png","datePublished":"2021-12-22T11:55:06+00:00","dateModified":"2022-01-17T15:39:38+00:00","breadcrumb":{"@id":"https:\/\/asadordearanda.net\/ca\/gastronomia-sostenible\/#breadcrumb"},"inLanguage":"ca","potentialAction":[{"@type":"ReadAction","target":["https:\/\/asadordearanda.net\/ca\/gastronomia-sostenible\/"]}]},{"@type":"ImageObject","inLanguage":"ca","@id":"https:\/\/asadordearanda.net\/ca\/gastronomia-sostenible\/#primaryimage","url":"https:\/\/asadordearanda.net\/wp-content\/uploads\/2022\/01\/oveja_sostenibilidad__2_-1024x636.png","contentUrl":"https:\/\/asadordearanda.net\/wp-content\/uploads\/2022\/01\/oveja_sostenibilidad__2_-1024x636.png"},{"@type":"BreadcrumbList","@id":"https:\/\/asadordearanda.net\/ca\/gastronomia-sostenible\/#breadcrumb","itemListElement":[{"@type":"ListItem","position":1,"name":"Portada","item":"https:\/\/asadordearanda.net\/ca\/"},{"@type":"ListItem","position":2,"name":"Gastronomia sostenible"}]},{"@type":"WebSite","@id":"https:\/\/asador.mimotic.dev\/#website","url":"https:\/\/asador.mimotic.dev\/","name":"Restaurante Asador de Aranda","description":"El lechazo asado en horno de barro,  el cordero como ya nadie lo cocina","potentialAction":[{"@type":"SearchAction","target":{"@type":"EntryPoint","urlTemplate":"https:\/\/asador.mimotic.dev\/?s={search_term_string}"},"query-input":{"@type":"PropertyValueSpecification","valueRequired":true,"valueName":"search_term_string"}}],"inLanguage":"ca"}]}},"_links":{"self":[{"href":"https:\/\/asadordearanda.net\/ca\/wp-json\/wp\/v2\/pages\/5324","targetHints":{"allow":["GET"]}}],"collection":[{"href":"https:\/\/asadordearanda.net\/ca\/wp-json\/wp\/v2\/pages"}],"about":[{"href":"https:\/\/asadordearanda.net\/ca\/wp-json\/wp\/v2\/types\/page"}],"author":[{"embeddable":true,"href":"https:\/\/asadordearanda.net\/ca\/wp-json\/wp\/v2\/users\/55"}],"replies":[{"embeddable":true,"href":"https:\/\/asadordearanda.net\/ca\/wp-json\/wp\/v2\/comments?post=5324"}],"version-history":[{"count":0,"href":"https:\/\/asadordearanda.net\/ca\/wp-json\/wp\/v2\/pages\/5324\/revisions"}],"wp:attachment":[{"href":"https:\/\/asadordearanda.net\/ca\/wp-json\/wp\/v2\/media?parent=5324"}],"wp:term":[{"taxonomy":"ciudad","embeddable":true,"href":"https:\/\/asadordearanda.net\/ca\/wp-json\/wp\/v2\/ciudad?post=5324"}],"curies":[{"name":"wp","href":"https:\/\/api.w.org\/{rel}","templated":true}]}}