{"id":5348,"date":"2021-12-22T12:23:48","date_gmt":"2021-12-22T12:23:48","guid":{"rendered":"https:\/\/asadordearanda.net\/?page_id=5348"},"modified":"2025-02-20T16:00:53","modified_gmt":"2025-02-20T16:00:53","slug":"menus-grups","status":"publish","type":"page","link":"https:\/\/asadordearanda.net\/ca\/menus-grups\/","title":{"rendered":"Men\u00fas grups"},"content":{"rendered":"\t\t<div data-elementor-type=\"wp-page\" data-elementor-id=\"5348\" class=\"elementor elementor-5348 elementor-2981\" data-elementor-post-type=\"page\">\n\t\t\t\t\t\t<section class=\"elementor-section elementor-top-section elementor-element elementor-element-7c1b78d elementor-section-full_width elementor-section-height-min-height elementor-section-stretched elementor-section-height-default elementor-section-items-middle\" data-id=\"7c1b78d\" data-element_type=\"section\" data-e-type=\"section\" data-settings=\"{&quot;stretch_section&quot;:&quot;section-stretched&quot;,&quot;background_background&quot;:&quot;classic&quot;}\">\n\t\t\t\t\t\t<div class=\"elementor-container elementor-column-gap-default\">\n\t\t\t\t\t<div class=\"elementor-column elementor-col-100 elementor-top-column elementor-element elementor-element-7e86507\" data-id=\"7e86507\" data-element_type=\"column\" data-e-type=\"column\">\n\t\t\t<div class=\"elementor-widget-wrap elementor-element-populated\">\n\t\t\t\t\t\t<section class=\"elementor-section elementor-inner-section elementor-element elementor-element-52baeea elementor-section-boxed elementor-section-height-default elementor-section-height-default\" data-id=\"52baeea\" data-element_type=\"section\" data-e-type=\"section\">\n\t\t\t\t\t\t<div class=\"elementor-container elementor-column-gap-default\">\n\t\t\t\t\t<div class=\"elementor-column elementor-col-50 elementor-inner-column elementor-element elementor-element-cef6a7c\" data-id=\"cef6a7c\" data-element_type=\"column\" data-e-type=\"column\" data-settings=\"{&quot;animation&quot;:&quot;none&quot;,&quot;animation_delay&quot;:180}\">\n\t\t\t<div class=\"elementor-widget-wrap elementor-element-populated\">\n\t\t\t\t\t\t<div class=\"elementor-element elementor-element-754fc7d elementor-invisible elementor-widget elementor-widget-text-editor\" data-id=\"754fc7d\" data-element_type=\"widget\" data-e-type=\"widget\" data-settings=\"{&quot;_animation&quot;:&quot;fadeIn&quot;}\" data-widget_type=\"text-editor.default\">\n\t\t\t\t<div class=\"elementor-widget-container\">\n\t\t\t\t\t\t\t\t\t<p>Men\u00fas per a grups<\/p>\t\t\t\t\t\t\t\t<\/div>\n\t\t\t\t<\/div>\n\t\t\t\t<div class=\"elementor-element elementor-element-3d10bf0 pisti elementor-invisible elementor-widget elementor-widget-heading\" data-id=\"3d10bf0\" data-element_type=\"widget\" data-e-type=\"widget\" data-settings=\"{&quot;_animation&quot;:&quot;fadeIn&quot;,&quot;_animation_delay&quot;:250}\" data-widget_type=\"heading.default\">\n\t\t\t\t<div class=\"elementor-widget-container\">\n\t\t\t\t\t<h2 class=\"elementor-heading-title elementor-size-default\">Celebrem junts<\/h2>\t\t\t\t<\/div>\n\t\t\t\t<\/div>\n\t\t\t\t\t<\/div>\n\t\t<\/div>\n\t\t\t\t<div class=\"elementor-column elementor-col-50 elementor-inner-column elementor-element elementor-element-0c38768\" data-id=\"0c38768\" data-element_type=\"column\" data-e-type=\"column\">\n\t\t\t<div class=\"elementor-widget-wrap\">\n\t\t\t\t\t\t\t<\/div>\n\t\t<\/div>\n\t\t\t\t\t<\/div>\n\t\t<\/section>\n\t\t\t\t\t<\/div>\n\t\t<\/div>\n\t\t\t\t\t<\/div>\n\t\t<\/section>\n\t\t\t\t<section class=\"elementor-section elementor-top-section elementor-element elementor-element-eaddf67 elementor-section-full_width elementor-section-height-default elementor-section-height-default\" data-id=\"eaddf67\" data-element_type=\"section\" data-e-type=\"section\" data-settings=\"{&quot;background_background&quot;:&quot;classic&quot;}\">\n\t\t\t\t\t\t\t<div class=\"elementor-background-overlay\"><\/div>\n\t\t\t\t\t\t\t<div class=\"elementor-container elementor-column-gap-default\">\n\t\t\t\t\t<div class=\"elementor-column elementor-col-100 elementor-top-column elementor-element elementor-element-4a7614f\" data-id=\"4a7614f\" data-element_type=\"column\" data-e-type=\"column\">\n\t\t\t<div class=\"elementor-widget-wrap elementor-element-populated\">\n\t\t\t\t\t\t<section class=\"elementor-section elementor-inner-section elementor-element elementor-element-733e93a city_group elementor-section-boxed elementor-section-height-default elementor-section-height-default\" data-id=\"733e93a\" data-element_type=\"section\" data-e-type=\"section\">\n\t\t\t\t\t\t<div class=\"elementor-container elementor-column-gap-default\">\n\t\t\t\t\t<div class=\"elementor-column elementor-col-100 elementor-inner-column elementor-element elementor-element-9886db4\" data-id=\"9886db4\" data-element_type=\"column\" data-e-type=\"column\">\n\t\t\t<div class=\"elementor-widget-wrap elementor-element-populated\">\n\t\t\t\t\t\t<div class=\"elementor-element elementor-element-e0ad401 elementor-widget elementor-widget-text-editor\" data-id=\"e0ad401\" data-element_type=\"widget\" data-e-type=\"widget\" data-widget_type=\"text-editor.default\">\n\t\t\t\t<div class=\"elementor-widget-container\">\n\t\t\t\t\t\t\t\t\t<p>Men\u00fa de grups<\/p>\t\t\t\t\t\t\t\t<\/div>\n\t\t\t\t<\/div>\n\t\t\t\t<div class=\"elementor-element elementor-element-1fc36cc links_menu_grupo pisti elementor-widget elementor-widget-text-editor\" data-id=\"1fc36cc\" data-element_type=\"widget\" data-e-type=\"widget\" data-widget_type=\"text-editor.default\">\n\t\t\t\t<div class=\"elementor-widget-container\">\n\t\t\t\t\t\t\t\t\t<ul>\n \t<li><a href=\"https:\/\/asadordearanda.net\/cartas\/menu-grupos-barcelona\/\">Barcelona<\/a><\/li>\n \t<li class=\"mad-dd\"><a href=\"#\">Madrid<\/a>\n<ul class=\"mad-dd-m\">\n <li><a href=\"https:\/\/asadordearanda.net\/cartas\/menu-grupos-madrid\/\" target=\"_blank\" rel=\"noopener\">Asador de Aranda<\/a><\/li>\n \t<li><a href=\"https:\/\/asadordearanda.net\/cartas\/menu-grupos-madrid-2\/\" target=\"_blank\" rel=\"noopener\">Madrid Tahona<\/a><\/li>\n<\/ul>\n<\/li>\n \t<li><a href=\"https:\/\/asadordearanda.net\/cartas\/menu-grupos-oviedo\/\">Oviedo<\/a><\/li>\n \t<li><a href=\"https:\/\/asadordearanda.net\/cartas\/menu-grupo-sevilla\/\">Sevilla<\/a><\/li>\n \t<li><a href=\"https:\/\/asadordearanda.net\/cartas\/menu-grupos-valencia\">Valencia<\/a><\/li>\n \t<li><a href=\"https:\/\/asadordearanda.net\/cartas\/menu-grupo-zaragoza\/\">Zaragoza<\/a><\/li>\n<\/ul>\t\t\t\t\t\t\t\t<\/div>\n\t\t\t\t<\/div>\n\t\t\t\t\t<\/div>\n\t\t<\/div>\n\t\t\t\t\t<\/div>\n\t\t<\/section>\n\t\t\t\t<section class=\"elementor-section elementor-inner-section elementor-element elementor-element-fcdc120 elementor-section-boxed elementor-section-height-default elementor-section-height-default\" data-id=\"fcdc120\" data-element_type=\"section\" data-e-type=\"section\">\n\t\t\t\t\t\t<div class=\"elementor-container elementor-column-gap-default\">\n\t\t\t\t\t<div class=\"elementor-column elementor-col-50 elementor-inner-column elementor-element elementor-element-1332d9e\" data-id=\"1332d9e\" data-element_type=\"column\" data-e-type=\"column\">\n\t\t\t<div class=\"elementor-widget-wrap elementor-element-populated\">\n\t\t\t\t\t\t<div class=\"elementor-element elementor-element-1503f5f animated-fast elementor-invisible elementor-widget elementor-widget-image\" data-id=\"1503f5f\" data-element_type=\"widget\" data-e-type=\"widget\" data-settings=\"{&quot;_animation&quot;:&quot;fadeInLeft&quot;}\" data-widget_type=\"image.default\">\n\t\t\t\t<div class=\"elementor-widget-container\">\n\t\t\t\t\t\t\t\t\t\t\t\t\t\t\t<img fetchpriority=\"high\" decoding=\"async\" width=\"912\" height=\"907\" src=\"https:\/\/asadordearanda.net\/wp-content\/uploads\/2021\/11\/img_menu-grupos.jpg\" class=\"attachment-large size-large wp-image-5352\" alt=\"restaurante para grupos\" srcset=\"https:\/\/asadordearanda.net\/wp-content\/uploads\/2021\/11\/img_menu-grupos.jpg 912w, https:\/\/asadordearanda.net\/wp-content\/uploads\/2021\/11\/img_menu-grupos-300x298.jpg 300w, https:\/\/asadordearanda.net\/wp-content\/uploads\/2021\/11\/img_menu-grupos-150x150.jpg 150w, https:\/\/asadordearanda.net\/wp-content\/uploads\/2021\/11\/img_menu-grupos-768x764.jpg 768w\" sizes=\"(max-width: 912px) 100vw, 912px\" \/>\t\t\t\t\t\t\t\t\t\t\t\t\t\t\t<\/div>\n\t\t\t\t<\/div>\n\t\t\t\t\t<\/div>\n\t\t<\/div>\n\t\t\t\t<div class=\"elementor-column elementor-col-50 elementor-inner-column elementor-element elementor-element-6b1bccd elementor-invisible\" data-id=\"6b1bccd\" data-element_type=\"column\" data-e-type=\"column\" data-settings=\"{&quot;animation&quot;:&quot;fadeIn&quot;}\">\n\t\t\t<div class=\"elementor-widget-wrap elementor-element-populated\">\n\t\t\t\t\t\t<div class=\"elementor-element elementor-element-9ff51bc elementor-widget elementor-widget-heading\" data-id=\"9ff51bc\" data-element_type=\"widget\" data-e-type=\"widget\" data-widget_type=\"heading.default\">\n\t\t\t\t<div class=\"elementor-widget-container\">\n\t\t\t\t\t<h2 class=\"elementor-heading-title elementor-size-default\">Un lloc on celebrar<\/h2>\t\t\t\t<\/div>\n\t\t\t\t<\/div>\n\t\t\t\t<div class=\"elementor-element elementor-element-dc8b625 elementor-widget elementor-widget-text-editor\" data-id=\"dc8b625\" data-element_type=\"widget\" data-e-type=\"widget\" data-widget_type=\"text-editor.default\">\n\t\t\t\t<div class=\"elementor-widget-container\">\n\t\t\t\t\t\t\t\t\t<p>Als restaurants Asador de Aranda es poden fer reserves per a grups grans i petits. Els nostres espais, les sales privades, els plats per a compartir i el millor anyell de llet, s\u00f3n els ingredients perfectes per a esdeveniments o celebracions amb la fam\u00edlia, els amics o de caire professional.<\/p><p>Disposem de diversos salons privats. <br \/>Adaptem els nostres men\u00fas de grup a les necessitats de cada client.<\/p><p>Oferim alternatives a les nostres carns, com ara peix o pollastre, i tamb\u00e9 per a persones amb necessitats concretes; vegetarians, cel\u00edacs, halal\u2026 <br class=\"rwd-break\" \/>Atenem cada grup de manera personalitzada. Tots els nostres restaurants ofereixen opcions sanes i delicioses, tamb\u00e9 per als m\u00e9s petits.<br \/>Ens encarreguem que el teu dia sigui perfecte!<\/p>\t\t\t\t\t\t\t\t<\/div>\n\t\t\t\t<\/div>\n\t\t\t\t\t<\/div>\n\t\t<\/div>\n\t\t\t\t\t<\/div>\n\t\t<\/section>\n\t\t\t\t\t<\/div>\n\t\t<\/div>\n\t\t\t\t\t<\/div>\n\t\t<\/section>\n\t\t\t\t<\/div>\n\t\t","protected":false},"excerpt":{"rendered":"<p>Men\u00fas per a grups Celebrem junts Men\u00fa de grups Barcelona Madrid Asador de Aranda Madrid Tahona Oviedo Sevilla Valencia Zaragoza Un lloc on celebrar Als restaurants Asador de Aranda es poden fer reserves per a grups grans i petits. Els nostres espais, les sales privades, els plats per a compartir i el millor anyell de [&hellip;]<\/p>\n","protected":false},"author":55,"featured_media":0,"parent":0,"menu_order":0,"comment_status":"closed","ping_status":"closed","template":"elementor_header_footer","meta":{"_acf_changed":false,"footnotes":""},"ciudad":[],"class_list":["post-5348","page","type-page","status-publish","hentry"],"acf":[],"yoast_head":"<!-- This site is optimized with the Yoast SEO plugin v27.3 - https:\/\/yoast.com\/product\/yoast-seo-wordpress\/ -->\n<title>Men\u00fas grups - Restaurante Asador de Aranda<\/title>\n<meta name=\"robots\" content=\"index, follow, max-snippet:-1, max-image-preview:large, max-video-preview:-1\" \/>\n<link rel=\"canonical\" href=\"https:\/\/asadordearanda.net\/ca\/menus-grups\/\" \/>\n<meta property=\"og:locale\" content=\"ca_ES\" \/>\n<meta property=\"og:type\" content=\"article\" \/>\n<meta property=\"og:title\" content=\"Men\u00fas grups - Restaurante Asador de Aranda\" \/>\n<meta property=\"og:description\" content=\"Men\u00fas per a grups Celebrem junts Men\u00fa de grups Barcelona Madrid Asador de Aranda Madrid Tahona Oviedo Sevilla Valencia Zaragoza Un lloc on celebrar Als restaurants Asador de Aranda es poden fer reserves per a grups grans i petits. Els nostres espais, les sales privades, els plats per a compartir i el millor anyell de [&hellip;]\" \/>\n<meta property=\"og:url\" content=\"https:\/\/asadordearanda.net\/ca\/menus-grups\/\" \/>\n<meta property=\"og:site_name\" content=\"Restaurante Asador de Aranda\" \/>\n<meta property=\"article:modified_time\" content=\"2025-02-20T16:00:53+00:00\" \/>\n<meta property=\"og:image\" content=\"https:\/\/asadordearanda.net\/wp-content\/uploads\/2021\/11\/img_menu-grupos.jpg\" \/>\n<meta name=\"twitter:card\" content=\"summary_large_image\" \/>\n<meta name=\"twitter:label1\" content=\"Est. reading time\" \/>\n\t<meta name=\"twitter:data1\" content=\"1 minute\" \/>\n<script type=\"application\/ld+json\" class=\"yoast-schema-graph\">{\"@context\":\"https:\\\/\\\/schema.org\",\"@graph\":[{\"@type\":\"WebPage\",\"@id\":\"https:\\\/\\\/asadordearanda.net\\\/ca\\\/menus-grups\\\/\",\"url\":\"https:\\\/\\\/asadordearanda.net\\\/ca\\\/menus-grups\\\/\",\"name\":\"Men\u00fas grups - Restaurante Asador de Aranda\",\"isPartOf\":{\"@id\":\"https:\\\/\\\/asador.mimotic.dev\\\/#website\"},\"primaryImageOfPage\":{\"@id\":\"https:\\\/\\\/asadordearanda.net\\\/ca\\\/menus-grups\\\/#primaryimage\"},\"image\":{\"@id\":\"https:\\\/\\\/asadordearanda.net\\\/ca\\\/menus-grups\\\/#primaryimage\"},\"thumbnailUrl\":\"https:\\\/\\\/asadordearanda.net\\\/wp-content\\\/uploads\\\/2021\\\/11\\\/img_menu-grupos.jpg\",\"datePublished\":\"2021-12-22T12:23:48+00:00\",\"dateModified\":\"2025-02-20T16:00:53+00:00\",\"breadcrumb\":{\"@id\":\"https:\\\/\\\/asadordearanda.net\\\/ca\\\/menus-grups\\\/#breadcrumb\"},\"inLanguage\":\"ca\",\"potentialAction\":[{\"@type\":\"ReadAction\",\"target\":[\"https:\\\/\\\/asadordearanda.net\\\/ca\\\/menus-grups\\\/\"]}]},{\"@type\":\"ImageObject\",\"inLanguage\":\"ca\",\"@id\":\"https:\\\/\\\/asadordearanda.net\\\/ca\\\/menus-grups\\\/#primaryimage\",\"url\":\"https:\\\/\\\/asadordearanda.net\\\/wp-content\\\/uploads\\\/2021\\\/11\\\/img_menu-grupos.jpg\",\"contentUrl\":\"https:\\\/\\\/asadordearanda.net\\\/wp-content\\\/uploads\\\/2021\\\/11\\\/img_menu-grupos.jpg\"},{\"@type\":\"BreadcrumbList\",\"@id\":\"https:\\\/\\\/asadordearanda.net\\\/ca\\\/menus-grups\\\/#breadcrumb\",\"itemListElement\":[{\"@type\":\"ListItem\",\"position\":1,\"name\":\"Portada\",\"item\":\"https:\\\/\\\/asadordearanda.net\\\/ca\\\/\"},{\"@type\":\"ListItem\",\"position\":2,\"name\":\"Men\u00fas grups\"}]},{\"@type\":\"WebSite\",\"@id\":\"https:\\\/\\\/asador.mimotic.dev\\\/#website\",\"url\":\"https:\\\/\\\/asador.mimotic.dev\\\/\",\"name\":\"Restaurante Asador de Aranda\",\"description\":\"El lechazo asado en horno de barro,  el cordero como ya nadie lo cocina\",\"potentialAction\":[{\"@type\":\"SearchAction\",\"target\":{\"@type\":\"EntryPoint\",\"urlTemplate\":\"https:\\\/\\\/asador.mimotic.dev\\\/?s={search_term_string}\"},\"query-input\":{\"@type\":\"PropertyValueSpecification\",\"valueRequired\":true,\"valueName\":\"search_term_string\"}}],\"inLanguage\":\"ca\"}]}<\/script>\n<!-- \/ Yoast SEO plugin. -->","yoast_head_json":{"title":"Men\u00fas grups - Restaurante Asador de Aranda","robots":{"index":"index","follow":"follow","max-snippet":"max-snippet:-1","max-image-preview":"max-image-preview:large","max-video-preview":"max-video-preview:-1"},"canonical":"https:\/\/asadordearanda.net\/ca\/menus-grups\/","og_locale":"ca_ES","og_type":"article","og_title":"Men\u00fas grups - Restaurante Asador de Aranda","og_description":"Men\u00fas per a grups Celebrem junts Men\u00fa de grups Barcelona Madrid Asador de Aranda Madrid Tahona Oviedo Sevilla Valencia Zaragoza Un lloc on celebrar Als restaurants Asador de Aranda es poden fer reserves per a grups grans i petits. Els nostres espais, les sales privades, els plats per a compartir i el millor anyell de [&hellip;]","og_url":"https:\/\/asadordearanda.net\/ca\/menus-grups\/","og_site_name":"Restaurante Asador de Aranda","article_modified_time":"2025-02-20T16:00:53+00:00","og_image":[{"url":"https:\/\/asadordearanda.net\/wp-content\/uploads\/2021\/11\/img_menu-grupos.jpg","type":"","width":"","height":""}],"twitter_card":"summary_large_image","twitter_misc":{"Est. reading time":"1 minute"},"schema":{"@context":"https:\/\/schema.org","@graph":[{"@type":"WebPage","@id":"https:\/\/asadordearanda.net\/ca\/menus-grups\/","url":"https:\/\/asadordearanda.net\/ca\/menus-grups\/","name":"Men\u00fas grups - Restaurante Asador de Aranda","isPartOf":{"@id":"https:\/\/asador.mimotic.dev\/#website"},"primaryImageOfPage":{"@id":"https:\/\/asadordearanda.net\/ca\/menus-grups\/#primaryimage"},"image":{"@id":"https:\/\/asadordearanda.net\/ca\/menus-grups\/#primaryimage"},"thumbnailUrl":"https:\/\/asadordearanda.net\/wp-content\/uploads\/2021\/11\/img_menu-grupos.jpg","datePublished":"2021-12-22T12:23:48+00:00","dateModified":"2025-02-20T16:00:53+00:00","breadcrumb":{"@id":"https:\/\/asadordearanda.net\/ca\/menus-grups\/#breadcrumb"},"inLanguage":"ca","potentialAction":[{"@type":"ReadAction","target":["https:\/\/asadordearanda.net\/ca\/menus-grups\/"]}]},{"@type":"ImageObject","inLanguage":"ca","@id":"https:\/\/asadordearanda.net\/ca\/menus-grups\/#primaryimage","url":"https:\/\/asadordearanda.net\/wp-content\/uploads\/2021\/11\/img_menu-grupos.jpg","contentUrl":"https:\/\/asadordearanda.net\/wp-content\/uploads\/2021\/11\/img_menu-grupos.jpg"},{"@type":"BreadcrumbList","@id":"https:\/\/asadordearanda.net\/ca\/menus-grups\/#breadcrumb","itemListElement":[{"@type":"ListItem","position":1,"name":"Portada","item":"https:\/\/asadordearanda.net\/ca\/"},{"@type":"ListItem","position":2,"name":"Men\u00fas grups"}]},{"@type":"WebSite","@id":"https:\/\/asador.mimotic.dev\/#website","url":"https:\/\/asador.mimotic.dev\/","name":"Restaurante Asador de Aranda","description":"El lechazo asado en horno de barro,  el cordero como ya nadie lo cocina","potentialAction":[{"@type":"SearchAction","target":{"@type":"EntryPoint","urlTemplate":"https:\/\/asador.mimotic.dev\/?s={search_term_string}"},"query-input":{"@type":"PropertyValueSpecification","valueRequired":true,"valueName":"search_term_string"}}],"inLanguage":"ca"}]}},"_links":{"self":[{"href":"https:\/\/asadordearanda.net\/ca\/wp-json\/wp\/v2\/pages\/5348","targetHints":{"allow":["GET"]}}],"collection":[{"href":"https:\/\/asadordearanda.net\/ca\/wp-json\/wp\/v2\/pages"}],"about":[{"href":"https:\/\/asadordearanda.net\/ca\/wp-json\/wp\/v2\/types\/page"}],"author":[{"embeddable":true,"href":"https:\/\/asadordearanda.net\/ca\/wp-json\/wp\/v2\/users\/55"}],"replies":[{"embeddable":true,"href":"https:\/\/asadordearanda.net\/ca\/wp-json\/wp\/v2\/comments?post=5348"}],"version-history":[{"count":0,"href":"https:\/\/asadordearanda.net\/ca\/wp-json\/wp\/v2\/pages\/5348\/revisions"}],"wp:attachment":[{"href":"https:\/\/asadordearanda.net\/ca\/wp-json\/wp\/v2\/media?parent=5348"}],"wp:term":[{"taxonomy":"ciudad","embeddable":true,"href":"https:\/\/asadordearanda.net\/ca\/wp-json\/wp\/v2\/ciudad?post=5348"}],"curies":[{"name":"wp","href":"https:\/\/api.w.org\/{rel}","templated":true}]}}