{"id":6097,"date":"2021-12-29T09:15:25","date_gmt":"2021-12-29T09:15:25","guid":{"rendered":"https:\/\/asadordearanda.net\/?page_id=6097"},"modified":"2025-11-10T09:08:54","modified_gmt":"2025-11-10T09:08:54","slug":"nosaltres","status":"publish","type":"page","link":"https:\/\/asadordearanda.net\/ca\/nosaltres\/","title":{"rendered":"Nosaltres"},"content":{"rendered":"\t\t<div data-elementor-type=\"wp-page\" data-elementor-id=\"6097\" class=\"elementor elementor-6097 elementor-98\" data-elementor-post-type=\"page\">\n\t\t\t\t\t\t<section class=\"elementor-section elementor-top-section elementor-element elementor-element-fd150e3 elementor-section-full_width elementor-section-height-min-height elementor-section-height-default elementor-section-items-middle\" data-id=\"fd150e3\" data-element_type=\"section\" data-e-type=\"section\" data-settings=\"{&quot;background_background&quot;:&quot;classic&quot;}\">\n\t\t\t\t\t\t<div class=\"elementor-container elementor-column-gap-default\">\n\t\t\t\t\t<div class=\"elementor-column elementor-col-100 elementor-top-column elementor-element elementor-element-93de127\" data-id=\"93de127\" data-element_type=\"column\" data-e-type=\"column\">\n\t\t\t<div class=\"elementor-widget-wrap elementor-element-populated\">\n\t\t\t\t\t\t<section class=\"elementor-section elementor-inner-section elementor-element elementor-element-178d16f elementor-section-boxed elementor-section-height-default elementor-section-height-default\" data-id=\"178d16f\" data-element_type=\"section\" data-e-type=\"section\">\n\t\t\t\t\t\t<div class=\"elementor-container elementor-column-gap-default\">\n\t\t\t\t\t<div class=\"elementor-column elementor-col-100 elementor-inner-column elementor-element elementor-element-84e1100\" data-id=\"84e1100\" data-element_type=\"column\" data-e-type=\"column\">\n\t\t\t<div class=\"elementor-widget-wrap elementor-element-populated\">\n\t\t\t\t\t\t<div class=\"elementor-element elementor-element-17bbdf0 pisti elementor-invisible elementor-widget elementor-widget-heading\" data-id=\"17bbdf0\" data-element_type=\"widget\" data-e-type=\"widget\" data-settings=\"{&quot;_animation&quot;:&quot;fadeIn&quot;}\" data-widget_type=\"heading.default\">\n\t\t\t\t<div class=\"elementor-widget-container\">\n\t\t\t\t\t<h2 class=\"elementor-heading-title elementor-size-default\">Tornar <br \/>\nals or\u00edgens<\/h2>\t\t\t\t<\/div>\n\t\t\t\t<\/div>\n\t\t\t\t<div class=\"elementor-element elementor-element-5d28539 elementor-invisible elementor-widget elementor-widget-text-editor\" data-id=\"5d28539\" data-element_type=\"widget\" data-e-type=\"widget\" data-settings=\"{&quot;_animation&quot;:&quot;fadeInUp&quot;}\" data-widget_type=\"text-editor.default\">\n\t\t\t\t<div class=\"elementor-widget-container\">\n\t\t\t\t\t\t\t\t\t<p>Descobreix per qu\u00e8 menjar a un Asador de Aranda <br \/>\u00e9s tota una experi\u00e8ncia.<\/p>\t\t\t\t\t\t\t\t<\/div>\n\t\t\t\t<\/div>\n\t\t\t\t\t<\/div>\n\t\t<\/div>\n\t\t\t\t\t<\/div>\n\t\t<\/section>\n\t\t\t\t\t<\/div>\n\t\t<\/div>\n\t\t\t\t\t<\/div>\n\t\t<\/section>\n\t\t\t\t<section class=\"elementor-section elementor-top-section elementor-element elementor-element-6122d2f elementor-section-full_width elementor-section-height-min-height nos_cont elementor-section-height-default elementor-section-items-middle\" data-id=\"6122d2f\" data-element_type=\"section\" data-e-type=\"section\" id=\"nos1\" data-settings=\"{&quot;background_background&quot;:&quot;classic&quot;}\">\n\t\t\t\t\t\t\t<div class=\"elementor-background-overlay\"><\/div>\n\t\t\t\t\t\t\t<div class=\"elementor-container elementor-column-gap-default\">\n\t\t\t\t\t<div class=\"elementor-column elementor-col-100 elementor-top-column elementor-element elementor-element-ff3429b\" data-id=\"ff3429b\" data-element_type=\"column\" data-e-type=\"column\">\n\t\t\t<div class=\"elementor-widget-wrap elementor-element-populated\">\n\t\t\t\t\t\t<section class=\"elementor-section elementor-inner-section elementor-element elementor-element-3a4e094 nos_cont_int elementor-section-boxed elementor-section-height-default elementor-section-height-default\" data-id=\"3a4e094\" data-element_type=\"section\" data-e-type=\"section\">\n\t\t\t\t\t\t<div class=\"elementor-container elementor-column-gap-default\">\n\t\t\t\t\t<div class=\"elementor-column elementor-col-100 elementor-inner-column elementor-element elementor-element-e7b3104\" data-id=\"e7b3104\" data-element_type=\"column\" data-e-type=\"column\">\n\t\t\t<div class=\"elementor-widget-wrap elementor-element-populated\">\n\t\t\t\t\t\t<div class=\"elementor-element elementor-element-eb85886 pisti title_nos elementor-invisible elementor-widget elementor-widget-heading\" data-id=\"eb85886\" data-element_type=\"widget\" data-e-type=\"widget\" data-settings=\"{&quot;_animation&quot;:&quot;slideInDown&quot;}\" data-widget_type=\"heading.default\">\n\t\t\t\t<div class=\"elementor-widget-container\">\n\t\t\t\t\t<h2 class=\"elementor-heading-title elementor-size-default\">Una manera de cuinar<br \/>\n<span class=\"sub\">Una manera de fer que ens fa \u00fanics<\/span><\/h2>\t\t\t\t<\/div>\n\t\t\t\t<\/div>\n\t\t\t\t<div class=\"elementor-element elementor-element-41f1009 over_nos_forn elementor-widget elementor-widget-text-editor\" data-id=\"41f1009\" data-element_type=\"widget\" data-e-type=\"widget\" data-widget_type=\"text-editor.default\">\n\t\t\t\t<div class=\"elementor-widget-container\">\n\t\t\t\t\t\t\t\t\t<p>Una cocci\u00f3 lenta en forn de fang que millora la textura dels aliments <br class=\"nos_br\" \/>i la seva sucul\u00e8ncia,<br \/>a m\u00e9s d\u2019intensificar-ne el sabor <br class=\"nos_br\" \/>i conservar l\u2019aportaci\u00f3 nutricional del producte.<br \/>Ingredients naturals, <strong>aliments aut\u00e8ntics i responsables <\/strong>que enamoren el paladar.<\/p><p>Oferim plats vegetarians, vegans <br class=\"nos_br\" \/>i tamb\u00e9 men\u00fas adaptats per a persones amb intoler\u00e0ncies aliment\u00e0ries.<\/p><p>Perqu\u00e8 entenem el gran valor de la dedicaci\u00f3 a la cuina <strong>i el gaudi de menjar b\u00e9,<\/strong> tenim opcions per a tots els gustos.<\/p>\t\t\t\t\t\t\t\t<\/div>\n\t\t\t\t<\/div>\n\t\t\t\t\t<\/div>\n\t\t<\/div>\n\t\t\t\t\t<\/div>\n\t\t<\/section>\n\t\t\t\t\t<\/div>\n\t\t<\/div>\n\t\t\t\t\t<\/div>\n\t\t<\/section>\n\t\t\t\t<section class=\"elementor-section elementor-top-section elementor-element elementor-element-7720ae9 elementor-section-full_width elementor-section-height-min-height nos_cont elementor-section-height-default elementor-section-items-middle\" data-id=\"7720ae9\" data-element_type=\"section\" data-e-type=\"section\" id=\"nos2\" data-settings=\"{&quot;background_background&quot;:&quot;classic&quot;}\">\n\t\t\t\t\t\t\t<div class=\"elementor-background-overlay\"><\/div>\n\t\t\t\t\t\t\t<div class=\"elementor-container elementor-column-gap-default\">\n\t\t\t\t\t<div class=\"elementor-column elementor-col-100 elementor-top-column elementor-element elementor-element-fa1397e\" data-id=\"fa1397e\" data-element_type=\"column\" data-e-type=\"column\">\n\t\t\t<div class=\"elementor-widget-wrap elementor-element-populated\">\n\t\t\t\t\t\t<section class=\"elementor-section elementor-inner-section elementor-element elementor-element-0b41750 nos_cont_int elementor-section-boxed elementor-section-height-default elementor-section-height-default\" data-id=\"0b41750\" data-element_type=\"section\" data-e-type=\"section\">\n\t\t\t\t\t\t<div class=\"elementor-container elementor-column-gap-default\">\n\t\t\t\t\t<div class=\"elementor-column elementor-col-100 elementor-inner-column elementor-element elementor-element-e5a4782\" data-id=\"e5a4782\" data-element_type=\"column\" data-e-type=\"column\">\n\t\t\t<div class=\"elementor-widget-wrap elementor-element-populated\">\n\t\t\t\t\t\t<div class=\"elementor-element elementor-element-deca066 pisti title_nos elementor-invisible elementor-widget elementor-widget-heading\" data-id=\"deca066\" data-element_type=\"widget\" data-e-type=\"widget\" data-settings=\"{&quot;_animation&quot;:&quot;slideInDown&quot;}\" data-widget_type=\"heading.default\">\n\t\t\t\t<div class=\"elementor-widget-container\">\n\t\t\t\t\t<h2 class=\"elementor-heading-title elementor-size-default\">Espais excepcionals<br \/>\n<span class=\"sub\">Ambients singulars que et sorprendran<\/span><\/h2>\t\t\t\t<\/div>\n\t\t\t\t<\/div>\n\t\t\t\t<div class=\"elementor-element elementor-element-a8d44f2 over_nos_forn elementor-widget elementor-widget-text-editor\" data-id=\"a8d44f2\" data-element_type=\"widget\" data-e-type=\"widget\" data-widget_type=\"text-editor.default\">\n\t\t\t\t<div class=\"elementor-widget-container\">\n\t\t\t\t\t\t\t\t\t<p>Espais confortables i amb personalitat on t\u2019oblidar\u00e0s del temps.<br \/>Llocs que <strong>s\u2019adapten a les teves necessitats<\/strong> i que s\u00f3n ideals perqu\u00e8 un sopar amb amics,<br \/>una primera cita o un bon banquet familiar siguin realment memorables. Restaurants on cada detall compta, plens d\u2019encant i amb un tracte immillorable per a crear-hi <strong>aut\u00e8ntiques<\/strong> <strong>experi\u00e8ncies \u00faniques<\/strong>.<\/p>\t\t\t\t\t\t\t\t<\/div>\n\t\t\t\t<\/div>\n\t\t\t\t\t<\/div>\n\t\t<\/div>\n\t\t\t\t\t<\/div>\n\t\t<\/section>\n\t\t\t\t\t<\/div>\n\t\t<\/div>\n\t\t\t\t\t<\/div>\n\t\t<\/section>\n\t\t\t\t<section class=\"elementor-section elementor-top-section elementor-element elementor-element-5e9feae elementor-section-full_width elementor-section-height-min-height nos_cont elementor-section-height-default elementor-section-items-middle\" data-id=\"5e9feae\" data-element_type=\"section\" data-e-type=\"section\" id=\"nos3\" data-settings=\"{&quot;background_background&quot;:&quot;classic&quot;}\">\n\t\t\t\t\t\t\t<div class=\"elementor-background-overlay\"><\/div>\n\t\t\t\t\t\t\t<div class=\"elementor-container elementor-column-gap-default\">\n\t\t\t\t\t<div class=\"elementor-column elementor-col-100 elementor-top-column elementor-element elementor-element-2f21e7e\" data-id=\"2f21e7e\" data-element_type=\"column\" data-e-type=\"column\">\n\t\t\t<div class=\"elementor-widget-wrap elementor-element-populated\">\n\t\t\t\t\t\t<section class=\"elementor-section elementor-inner-section elementor-element elementor-element-6fdaac3 nos_cont_int elementor-section-boxed elementor-section-height-default elementor-section-height-default\" data-id=\"6fdaac3\" data-element_type=\"section\" data-e-type=\"section\">\n\t\t\t\t\t\t<div class=\"elementor-container elementor-column-gap-default\">\n\t\t\t\t\t<div class=\"elementor-column elementor-col-100 elementor-inner-column elementor-element elementor-element-4f3d981\" data-id=\"4f3d981\" data-element_type=\"column\" data-e-type=\"column\">\n\t\t\t<div class=\"elementor-widget-wrap elementor-element-populated\">\n\t\t\t\t\t\t<div class=\"elementor-element elementor-element-c2ad6dc pisti title_nos elementor-invisible elementor-widget elementor-widget-heading\" data-id=\"c2ad6dc\" data-element_type=\"widget\" data-e-type=\"widget\" data-settings=\"{&quot;_animation&quot;:&quot;slideInDown&quot;}\" data-widget_type=\"heading.default\">\n\t\t\t\t<div class=\"elementor-widget-container\">\n\t\t\t\t\t<h2 class=\"elementor-heading-title elementor-size-default\">Menjar b\u00e9 i estar junts<br \/>\n<span class=\"sub\">El que compta \u00e9s l\u2019experi\u00e8ncia<\/span><\/h2>\t\t\t\t<\/div>\n\t\t\t\t<\/div>\n\t\t\t\t<div class=\"elementor-element elementor-element-ac696c4 over_nos_forn elementor-widget elementor-widget-text-editor\" data-id=\"ac696c4\" data-element_type=\"widget\" data-e-type=\"widget\" data-widget_type=\"text-editor.default\">\n\t\t\t\t<div class=\"elementor-widget-container\">\n\t\t\t\t\t\t\t\t\t<p>Qui valora la bona cuina sap que menjar no es nom\u00e9s menjar.<br \/>Menjar \u00e9s una experi\u00e8ncia per als sentits: el gust ens transporta a altres llocs, l\u2019olfacte sublima l\u2019experi\u00e8ncia, <br \/>la vista s\u2019hi recrea i el tacte en percep cada detall.<br \/>La companyia, l\u2019espai i els petits detalls arrodoneixen l\u2019experi\u00e8ncia per a fer-la perfecta.<\/p><p>A l\u2019<strong>Asador de Aranda<\/strong> gaudir\u00e0s l\u2019experi\u00e8ncia de la cuina ben feta i el plaer d&#8217;un bon \u00e0pat.<br \/><strong>Una experi\u00e8ncia gastron\u00f2mica \u00fanica<\/strong>.<\/p>\t\t\t\t\t\t\t\t<\/div>\n\t\t\t\t<\/div>\n\t\t\t\t\t<\/div>\n\t\t<\/div>\n\t\t\t\t\t<\/div>\n\t\t<\/section>\n\t\t\t\t\t<\/div>\n\t\t<\/div>\n\t\t\t\t\t<\/div>\n\t\t<\/section>\n\t\t\t\t<\/div>\n\t\t","protected":false},"excerpt":{"rendered":"<p>Tornar als or\u00edgens Descobreix per qu\u00e8 menjar a un Asador de Aranda \u00e9s tota una experi\u00e8ncia. Una manera de cuinar Una manera de fer que ens fa \u00fanics Una cocci\u00f3 lenta en forn de fang que millora la textura dels aliments i la seva sucul\u00e8ncia,a m\u00e9s d\u2019intensificar-ne el sabor i conservar l\u2019aportaci\u00f3 nutricional del producte.Ingredients [&hellip;]<\/p>\n","protected":false},"author":55,"featured_media":0,"parent":0,"menu_order":0,"comment_status":"closed","ping_status":"closed","template":"elementor_header_footer","meta":{"_acf_changed":false,"footnotes":""},"ciudad":[],"class_list":["post-6097","page","type-page","status-publish","hentry"],"acf":[],"yoast_head":"<!-- This site is optimized with the Yoast SEO plugin v27.3 - https:\/\/yoast.com\/product\/yoast-seo-wordpress\/ -->\n<title>Nosaltres - Restaurante Asador de Aranda<\/title>\n<meta name=\"robots\" content=\"index, follow, max-snippet:-1, max-image-preview:large, max-video-preview:-1\" \/>\n<link rel=\"canonical\" href=\"https:\/\/asadordearanda.net\/ca\/nosaltres\/\" \/>\n<meta property=\"og:locale\" content=\"ca_ES\" \/>\n<meta property=\"og:type\" content=\"article\" \/>\n<meta property=\"og:title\" content=\"Nosaltres - Restaurante Asador de Aranda\" \/>\n<meta property=\"og:description\" content=\"Tornar als or\u00edgens Descobreix per qu\u00e8 menjar a un Asador de Aranda \u00e9s tota una experi\u00e8ncia. Una manera de cuinar Una manera de fer que ens fa \u00fanics Una cocci\u00f3 lenta en forn de fang que millora la textura dels aliments i la seva sucul\u00e8ncia,a m\u00e9s d\u2019intensificar-ne el sabor i conservar l\u2019aportaci\u00f3 nutricional del producte.Ingredients [&hellip;]\" \/>\n<meta property=\"og:url\" content=\"https:\/\/asadordearanda.net\/ca\/nosaltres\/\" \/>\n<meta property=\"og:site_name\" content=\"Restaurante Asador de Aranda\" \/>\n<meta property=\"article:modified_time\" content=\"2025-11-10T09:08:54+00:00\" \/>\n<meta name=\"twitter:card\" content=\"summary_large_image\" \/>\n<meta name=\"twitter:label1\" content=\"Est. reading time\" \/>\n\t<meta name=\"twitter:data1\" content=\"2 minutes\" \/>\n<script type=\"application\/ld+json\" class=\"yoast-schema-graph\">{\"@context\":\"https:\\\/\\\/schema.org\",\"@graph\":[{\"@type\":\"WebPage\",\"@id\":\"https:\\\/\\\/asadordearanda.net\\\/ca\\\/nosaltres\\\/\",\"url\":\"https:\\\/\\\/asadordearanda.net\\\/ca\\\/nosaltres\\\/\",\"name\":\"Nosaltres - Restaurante Asador de Aranda\",\"isPartOf\":{\"@id\":\"https:\\\/\\\/asador.mimotic.dev\\\/#website\"},\"datePublished\":\"2021-12-29T09:15:25+00:00\",\"dateModified\":\"2025-11-10T09:08:54+00:00\",\"breadcrumb\":{\"@id\":\"https:\\\/\\\/asadordearanda.net\\\/ca\\\/nosaltres\\\/#breadcrumb\"},\"inLanguage\":\"ca\",\"potentialAction\":[{\"@type\":\"ReadAction\",\"target\":[\"https:\\\/\\\/asadordearanda.net\\\/ca\\\/nosaltres\\\/\"]}]},{\"@type\":\"BreadcrumbList\",\"@id\":\"https:\\\/\\\/asadordearanda.net\\\/ca\\\/nosaltres\\\/#breadcrumb\",\"itemListElement\":[{\"@type\":\"ListItem\",\"position\":1,\"name\":\"Portada\",\"item\":\"https:\\\/\\\/asadordearanda.net\\\/ca\\\/\"},{\"@type\":\"ListItem\",\"position\":2,\"name\":\"Nosaltres\"}]},{\"@type\":\"WebSite\",\"@id\":\"https:\\\/\\\/asador.mimotic.dev\\\/#website\",\"url\":\"https:\\\/\\\/asador.mimotic.dev\\\/\",\"name\":\"Restaurante Asador de Aranda\",\"description\":\"El lechazo asado en horno de barro,  el cordero como ya nadie lo cocina\",\"potentialAction\":[{\"@type\":\"SearchAction\",\"target\":{\"@type\":\"EntryPoint\",\"urlTemplate\":\"https:\\\/\\\/asador.mimotic.dev\\\/?s={search_term_string}\"},\"query-input\":{\"@type\":\"PropertyValueSpecification\",\"valueRequired\":true,\"valueName\":\"search_term_string\"}}],\"inLanguage\":\"ca\"}]}<\/script>\n<!-- \/ Yoast SEO plugin. -->","yoast_head_json":{"title":"Nosaltres - Restaurante Asador de Aranda","robots":{"index":"index","follow":"follow","max-snippet":"max-snippet:-1","max-image-preview":"max-image-preview:large","max-video-preview":"max-video-preview:-1"},"canonical":"https:\/\/asadordearanda.net\/ca\/nosaltres\/","og_locale":"ca_ES","og_type":"article","og_title":"Nosaltres - Restaurante Asador de Aranda","og_description":"Tornar als or\u00edgens Descobreix per qu\u00e8 menjar a un Asador de Aranda \u00e9s tota una experi\u00e8ncia. Una manera de cuinar Una manera de fer que ens fa \u00fanics Una cocci\u00f3 lenta en forn de fang que millora la textura dels aliments i la seva sucul\u00e8ncia,a m\u00e9s d\u2019intensificar-ne el sabor i conservar l\u2019aportaci\u00f3 nutricional del producte.Ingredients [&hellip;]","og_url":"https:\/\/asadordearanda.net\/ca\/nosaltres\/","og_site_name":"Restaurante Asador de Aranda","article_modified_time":"2025-11-10T09:08:54+00:00","twitter_card":"summary_large_image","twitter_misc":{"Est. reading time":"2 minutes"},"schema":{"@context":"https:\/\/schema.org","@graph":[{"@type":"WebPage","@id":"https:\/\/asadordearanda.net\/ca\/nosaltres\/","url":"https:\/\/asadordearanda.net\/ca\/nosaltres\/","name":"Nosaltres - Restaurante Asador de Aranda","isPartOf":{"@id":"https:\/\/asador.mimotic.dev\/#website"},"datePublished":"2021-12-29T09:15:25+00:00","dateModified":"2025-11-10T09:08:54+00:00","breadcrumb":{"@id":"https:\/\/asadordearanda.net\/ca\/nosaltres\/#breadcrumb"},"inLanguage":"ca","potentialAction":[{"@type":"ReadAction","target":["https:\/\/asadordearanda.net\/ca\/nosaltres\/"]}]},{"@type":"BreadcrumbList","@id":"https:\/\/asadordearanda.net\/ca\/nosaltres\/#breadcrumb","itemListElement":[{"@type":"ListItem","position":1,"name":"Portada","item":"https:\/\/asadordearanda.net\/ca\/"},{"@type":"ListItem","position":2,"name":"Nosaltres"}]},{"@type":"WebSite","@id":"https:\/\/asador.mimotic.dev\/#website","url":"https:\/\/asador.mimotic.dev\/","name":"Restaurante Asador de Aranda","description":"El lechazo asado en horno de barro,  el cordero como ya nadie lo cocina","potentialAction":[{"@type":"SearchAction","target":{"@type":"EntryPoint","urlTemplate":"https:\/\/asador.mimotic.dev\/?s={search_term_string}"},"query-input":{"@type":"PropertyValueSpecification","valueRequired":true,"valueName":"search_term_string"}}],"inLanguage":"ca"}]}},"_links":{"self":[{"href":"https:\/\/asadordearanda.net\/ca\/wp-json\/wp\/v2\/pages\/6097","targetHints":{"allow":["GET"]}}],"collection":[{"href":"https:\/\/asadordearanda.net\/ca\/wp-json\/wp\/v2\/pages"}],"about":[{"href":"https:\/\/asadordearanda.net\/ca\/wp-json\/wp\/v2\/types\/page"}],"author":[{"embeddable":true,"href":"https:\/\/asadordearanda.net\/ca\/wp-json\/wp\/v2\/users\/55"}],"replies":[{"embeddable":true,"href":"https:\/\/asadordearanda.net\/ca\/wp-json\/wp\/v2\/comments?post=6097"}],"version-history":[{"count":0,"href":"https:\/\/asadordearanda.net\/ca\/wp-json\/wp\/v2\/pages\/6097\/revisions"}],"wp:attachment":[{"href":"https:\/\/asadordearanda.net\/ca\/wp-json\/wp\/v2\/media?parent=6097"}],"wp:term":[{"taxonomy":"ciudad","embeddable":true,"href":"https:\/\/asadordearanda.net\/ca\/wp-json\/wp\/v2\/ciudad?post=6097"}],"curies":[{"name":"wp","href":"https:\/\/api.w.org\/{rel}","templated":true}]}}